{"id":2408,"date":"2018-03-10T19:01:00","date_gmt":"2018-03-10T18:01:00","guid":{"rendered":"https:\/\/efaxo.com\/?page_id=2408"},"modified":"2018-03-12T01:29:39","modified_gmt":"2018-03-12T00:29:39","slug":"programmation-2","status":"publish","type":"page","link":"https:\/\/efaxo.com\/index.php\/programmation-2\/","title":{"rendered":"Programmation"},"content":{"rendered":"<p>[et_pb_section fb_built=&#8221;1&#8243; fullwidth=&#8221;on&#8221; _builder_version=&#8221;3.0.105&#8243; custom_padding=&#8221;0px|0px|2px|0px&#8221;][et_pb_fullwidth_image src=&#8221;https:\/\/efaxo.com\/wp-content\/uploads\/2018\/03\/d\u00e9veloppement1-e1520814000968.jpg&#8221; _builder_version=&#8221;3.0.105&#8243;][\/et_pb_fullwidth_image][\/et_pb_section][et_pb_section fb_built=&#8221;1&#8243; _builder_version=&#8221;3.0.105&#8243; background_image=&#8221;https:\/\/efaxo.com\/wp-content\/uploads\/2018\/03\/Application.jpg&#8221; background_size=&#8221;initial&#8221; background_position=&#8221;center_left&#8221; custom_padding=&#8221;90px|1px|126px|5px&#8221;][\/et_pb_section][et_pb_section fb_built=&#8221;1&#8243; inner_shadow=&#8221;on&#8221; _builder_version=&#8221;3.0.105&#8243; custom_margin=&#8221;0px||-40px|&#8221; custom_padding=&#8221;0px|0px|37px|0px&#8221;][et_pb_row make_fullwidth=&#8221;on&#8221; custom_padding=&#8221;27px|0px|27px|0px&#8221; _builder_version=&#8221;3.0.105&#8243;][et_pb_column type=&#8221;4_4&#8243; _builder_version=&#8221;3.0.105&#8243; parallax=&#8221;off&#8221; parallax_method=&#8221;on&#8221;][et_pb_text _builder_version=&#8221;3.0.105&#8243; header_font=&#8221;||||||||&#8221; header_text_align=&#8221;center&#8221;]<\/p>\n<h1><span style=\"color: #007096;\"><strong>Cr\u00e9er une application web sur mesure<\/strong><\/span><\/h1>\n<p>[\/et_pb_text][\/et_pb_column][\/et_pb_row][et_pb_row make_fullwidth=&#8221;on&#8221; _builder_version=&#8221;3.0.105&#8243; module_alignment=&#8221;center&#8221;][et_pb_column type=&#8221;1_3&#8243; _builder_version=&#8221;3.0.105&#8243; parallax=&#8221;off&#8221; parallax_method=&#8221;on&#8221;][et_pb_image src=&#8221;https:\/\/efaxo.com\/wp-content\/uploads\/2018\/03\/App.jpg&#8221; align=&#8221;center&#8221; _builder_version=&#8221;3.0.105&#8243;][\/et_pb_image][\/et_pb_column][et_pb_column type=&#8221;2_3&#8243; _builder_version=&#8221;3.0.105&#8243; parallax=&#8221;off&#8221; parallax_method=&#8221;on&#8221;][et_pb_text _builder_version=&#8221;3.0.105&#8243; header_font=&#8221;||||||||&#8221; header_text_align=&#8221;center&#8221;]<\/p>\n<p><span style=\"font-family: 'Open Sans'; font-size: medium;\">Le terme d\u2019application web est de plus en plus r\u00e9pandu mais qu\u2019en est-il exactement ?<\/span><br \/><span style=\"font-family: 'Open Sans'; font-size: medium;\"> Il s\u2019agit en fait d\u2019un logiciel applicatif h\u00e9berg\u00e9 sur un serveur et accessible de partout, via un navigateur internet, tels que\u00a0:<\/span><br \/><span style=\"font-family: 'Open Sans'; font-size: medium;\"> Syst\u00e8mes de gestion de stocks d\u00e9velopp\u00e9s sur mesure<\/span><br \/><span style=\"font-family: 'Open Sans'; font-size: medium;\"> Interfaces personnalis\u00e9es entre deux syst\u00e8mes d\u2019informations<\/span><br \/><span style=\"font-family: 'Open Sans'; font-size: medium;\"> Syst\u00e8mes de gestion de contenu adapt\u00e9 \u00e0 vos besoins<\/span><br \/><span style=\"font-family: 'Open Sans'; font-size: medium;\"> Syst\u00e8mes de r\u00e9servation personnalis\u00e9s<\/span><\/p>\n<p><span style=\"font-family: 'Open Sans'; font-size: medium;\"><span>Contactez un de nos conseillers en conception d\u2019application web en <a href=\"..\/contact\/\">cliquant ici<\/a>!<\/span><\/span><\/p>\n<p>[\/et_pb_text][\/et_pb_column][\/et_pb_row][et_pb_row _builder_version=&#8221;3.0.105&#8243;][et_pb_column type=&#8221;4_4&#8243; _builder_version=&#8221;3.0.105&#8243; parallax=&#8221;off&#8221; parallax_method=&#8221;on&#8221;][et_pb_text _builder_version=&#8221;3.0.105&#8243; header_font=&#8221;||||||||&#8221; header_text_align=&#8221;center&#8221;]<\/p>\n<h1><span style=\"color: #007096;\"><strong>Pourquoi cr\u00e9er une application sur mesure<\/strong><\/span><\/h1>\n<p>[\/et_pb_text][\/et_pb_column][\/et_pb_row][et_pb_row make_fullwidth=&#8221;on&#8221; custom_padding=&#8221;|0px||0px&#8221; custom_margin=&#8221;|||&#8221; make_equal=&#8221;on&#8221; background_color_1=&#8221;rgba(39,106,124,0.71)&#8221; bg_img_2=&#8221;https:\/\/efaxo.com\/wp-content\/uploads\/2018\/02\/luca-bravo-217276.jpg&#8221; _builder_version=&#8221;3.0.105&#8243; module_alignment=&#8221;center&#8221;][et_pb_column type=&#8221;2_3&#8243; _builder_version=&#8221;3.0.105&#8243; background_color=&#8221;rgba(39,106,124,0.71)&#8221; parallax=&#8221;off&#8221; parallax_method=&#8221;on&#8221;][et_pb_text _builder_version=&#8221;3.0.105&#8243; text_font=&#8221;||||||||&#8221; text_line_height=&#8221;2.2em&#8221; custom_padding=&#8221;10px|10px|10px|30px&#8221;]<\/p>\n<h2><span style=\"font-size: medium;\"><strong><span face=\"Times New Roman, serif\" style=\"font-family: 'Open Sans'; color: #ffffff;\"><span size=\"3\">En choisissant de faire d\u00e9velopper une application web personnalis\u00e9e vous optez pour\u00a0:<\/span><\/span><\/strong><\/span><\/h2>\n<ul>\n<li>\n<p><span face=\"Times New Roman, serif\" style=\"font-family: 'Open Sans'; font-size: medium; color: #ffffff;\"><span size=\"3\">Des interactions avec vos clients, fournisseurs et collaborateurs qui vous correspondent<\/span><\/span><\/p>\n<\/li>\n<li>\n<p><span face=\"Times New Roman, serif\" style=\"font-family: 'Open Sans'; font-size: medium; color: #ffffff;\"><span size=\"3\">Un outil agile qui pourra \u00e9voluer selon vos objectifs<\/span><\/span><\/p>\n<\/li>\n<li>\n<p><span face=\"Times New Roman, serif\" style=\"font-family: 'Open Sans'; font-size: medium; color: #ffffff;\"><span size=\"3\">Une personnalisation de votre offre selon votre unicit\u00e9<\/span><\/span><\/p>\n<\/li>\n<li>\n<p><span face=\"Times New Roman, serif\" style=\"font-family: 'Open Sans'; font-size: medium; color: #ffffff;\"><span size=\"3\">Un moyen d\u2019ajuster votre r\u00e9activit\u00e9 aux besoins de vos clients et prospects<\/span><\/span><\/p>\n<\/li>\n<li>\n<p><span face=\"Times New Roman, serif\" style=\"font-family: 'Open Sans'; font-size: medium; color: #ffffff;\"><span size=\"3\">Des solutions permettant de d\u00e9cupler la productivit\u00e9 de vos \u00e9quipes gr\u00e2ce \u00e0 des outils mieux adapt\u00e9s (outil de clavardage interne, partage de fichiers et agendas, syst\u00e8me de r\u00e9servation, CRM, analyse graphique de donn\u00e9es et statistiques, logiciel de gestion int\u00e9gr\u00e9, etc.)<\/span><\/span><\/p>\n<\/li>\n<\/ul>\n<p>[\/et_pb_text][\/et_pb_column][et_pb_column type=&#8221;1_3&#8243; _builder_version=&#8221;3.0.105&#8243; bg_img=&#8221;https:\/\/efaxo.com\/wp-content\/uploads\/2018\/02\/luca-bravo-217276.jpg&#8221; parallax=&#8221;off&#8221; parallax_method=&#8221;on&#8221;][\/et_pb_column][\/et_pb_row][\/et_pb_section][et_pb_section fb_built=&#8221;1&#8243; fullwidth=&#8221;on&#8221; _builder_version=&#8221;3.0.105&#8243; custom_padding=&#8221;0px|0px|0px|0px&#8221;][et_pb_fullwidth_header text_orientation=&#8221;center&#8221; button_one_text=&#8221;Contactez-nous&#8221; button_one_url=&#8221;https:\/\/efaxo.com\/index.php\/contact\/&#8221; _builder_version=&#8221;3.0.105&#8243; background_image=&#8221;https:\/\/efaxo.com\/wp-content\/uploads\/2018\/03\/artem-sapegin-176819-unsplash-1-e1520811777285.jpg&#8221; parallax=&#8221;on&#8221; custom_button_one=&#8221;on&#8221; button_one_text_size=&#8221;22px&#8221; button_one_text_color=&#8221;#ffffff&#8221; button_one_bg_color=&#8221;#7a99a8&#8243; button_one_font=&#8221;||||||||&#8221; button_one_use_icon=&#8221;off&#8221;][\/et_pb_fullwidth_header][\/et_pb_section][et_pb_section fb_built=&#8221;1&#8243; _builder_version=&#8221;3.0.105&#8243; custom_padding=&#8221;25px|0px|0px|0px&#8221;][et_pb_row custom_padding=&#8221;0px|0px|27px|0px&#8221; _builder_version=&#8221;3.0.105&#8243;][et_pb_column type=&#8221;4_4&#8243; _builder_version=&#8221;3.0.105&#8243; parallax=&#8221;off&#8221; parallax_method=&#8221;on&#8221;][et_pb_text _builder_version=&#8221;3.0.105&#8243; text_font=&#8221;||||||||&#8221; text_line_height=&#8221;2em&#8221; inline_fonts=&#8221;Open Sans&#8221;]<\/p>\n<p><span style=\"font-family: 'Open Sans'; font-weight: normal; font-size: large;\">Nous sommes r\u00e9put\u00e9s pour notre savoir-faire mais surtout pour la qualit\u00e9 des applications web d\u00e9j\u00e0 r\u00e9alis\u00e9es. Nous vous assurons la satisfaction \u00e0 des prix comp\u00e9titifs ainsi qu\u2019une parfaite compr\u00e9hension de vos besoins dans votre processus d\u2019affaires et votre r\u00e9alit\u00e9 commerciale.<\/span><br \/><span style=\"font-family: 'Open Sans'; font-weight: normal; font-size: large;\"> Choisissez l\u2019expertise d\u2019une agence web locale engag\u00e9e aupr\u00e8s des professionnels et entreprises qui place l\u2019innovation au c\u0153ur de ses op\u00e9rations.<\/span><br \/><span style=\"font-family: 'Open Sans'; font-weight: normal; font-size: large;\"> Contactez un de nos conseillers en conception d\u2019application web en <a href=\"..\/contact\/\">cliquant ici<\/a>!<\/span><\/p>\n<p>[\/et_pb_text][\/et_pb_column][\/et_pb_row][\/et_pb_section]<\/p>\n","protected":false},"excerpt":{"rendered":"<p>Cr\u00e9er une application web sur mesureLe terme d\u2019application web est de plus en plus r\u00e9pandu mais qu\u2019en est-il exactement ? Il s\u2019agit en fait d\u2019un logiciel applicatif h\u00e9berg\u00e9 sur un serveur et accessible de partout, via un navigateur internet, tels que\u00a0: Syst\u00e8mes de gestion de stocks d\u00e9velopp\u00e9s sur mesure Interfaces personnalis\u00e9es entre deux syst\u00e8mes d\u2019informations [&hellip;]<\/p>\n","protected":false},"author":1,"featured_media":0,"parent":0,"menu_order":0,"comment_status":"closed","ping_status":"closed","template":"","meta":{"_et_pb_use_builder":"on","_et_pb_old_content":"","_et_gb_content_width":""},"_links":{"self":[{"href":"https:\/\/efaxo.com\/index.php\/wp-json\/wp\/v2\/pages\/2408"}],"collection":[{"href":"https:\/\/efaxo.com\/index.php\/wp-json\/wp\/v2\/pages"}],"about":[{"href":"https:\/\/efaxo.com\/index.php\/wp-json\/wp\/v2\/types\/page"}],"author":[{"embeddable":true,"href":"https:\/\/efaxo.com\/index.php\/wp-json\/wp\/v2\/users\/1"}],"replies":[{"embeddable":true,"href":"https:\/\/efaxo.com\/index.php\/wp-json\/wp\/v2\/comments?post=2408"}],"version-history":[{"count":14,"href":"https:\/\/efaxo.com\/index.php\/wp-json\/wp\/v2\/pages\/2408\/revisions"}],"predecessor-version":[{"id":2734,"href":"https:\/\/efaxo.com\/index.php\/wp-json\/wp\/v2\/pages\/2408\/revisions\/2734"}],"wp:attachment":[{"href":"https:\/\/efaxo.com\/index.php\/wp-json\/wp\/v2\/media?parent=2408"}],"curies":[{"name":"wp","href":"https:\/\/api.w.org\/{rel}","templated":true}]}}