{"id":2666,"date":"2018-03-11T22:58:29","date_gmt":"2018-03-11T21:58:29","guid":{"rendered":"https:\/\/efaxo.com\/?page_id=2666"},"modified":"2018-03-11T23:00:34","modified_gmt":"2018-03-11T22:00:34","slug":"qui-sommes-nous","status":"publish","type":"page","link":"https:\/\/efaxo.com\/index.php\/qui-sommes-nous\/","title":{"rendered":"Qui sommes-nous ?"},"content":{"rendered":"<p>[et_pb_section fb_built=&#8221;1&#8243; fullwidth=&#8221;on&#8221; _builder_version=&#8221;3.0.105&#8243;][et_pb_fullwidth_header title=&#8221;Qui sommes-nous ?&#8221; background_layout=&#8221;dark&#8221; background_overlay_color=&#8221;rgba(39,106,124,0.66)&#8221; _builder_version=&#8221;3.0.105&#8243; title_font=&#8221;Open Sans|700|||||||&#8221; title_text_align=&#8221;center&#8221; title_font_size=&#8221;40px&#8221; title_letter_spacing=&#8221;2px&#8221; title_line_height=&#8221;1.7em&#8221; background_image=&#8221;https:\/\/efaxo.com\/wp-content\/uploads\/2018\/03\/MG_3490.jpg&#8221; parallax=&#8221;on&#8221; filter_saturate=&#8221;127%&#8221; filter_brightness=&#8221;126%&#8221; filter_contrast=&#8221;136%&#8221; text_shadow_style=&#8221;preset1&#8243;][\/et_pb_fullwidth_header][\/et_pb_section][et_pb_section fb_built=&#8221;1&#8243; _builder_version=&#8221;3.0.105&#8243; custom_padding=&#8221;35px|0px|3px|0px&#8221;][et_pb_row _builder_version=&#8221;3.0.105&#8243;][et_pb_column type=&#8221;4_4&#8243; _builder_version=&#8221;3.0.47&#8243; parallax=&#8221;off&#8221; parallax_method=&#8221;on&#8221;][et_pb_text _builder_version=&#8221;3.0.105&#8243; text_font=&#8221;||||||||&#8221; text_font_size=&#8221;16px&#8221;]Efaxo est une entreprise de solutions web, d\u2019architecture et d\u2019administration de r\u00e9seau, \u00e9tablie depuis 2003 sur la Rive-Sud de Montr\u00e9al.  Ses membres sont fiers de l\u2019exp\u00e9rience qu\u2019ils ont acquise au fil des ans.  Leur expertise leur permet de desservir\u00a0:<br \/>\n[\/et_pb_text][\/et_pb_column][\/et_pb_row][et_pb_row custom_width_px=&#8221;1053px&#8221; custom_padding=&#8221;27px|0px|1px|0px&#8221; _builder_version=&#8221;3.0.105&#8243;][et_pb_column type=&#8221;1_3&#8243; _builder_version=&#8221;3.0.47&#8243; parallax=&#8221;off&#8221; parallax_method=&#8221;on&#8221;][et_pb_blurb title=&#8221;Institutions gouvernementales &#8221; use_icon=&#8221;on&#8221; font_icon=&#8221;%%253%%&#8221; _builder_version=&#8221;3.0.105&#8243; header_level=&#8221;h3&#8243; header_font=&#8221;|700|||||||&#8221; header_text_align=&#8221;center&#8221; header_font_size=&#8221;18px&#8221; body_font=&#8221;|700|||||||&#8221; body_text_align=&#8221;center&#8221; body_text_color=&#8221;#7a99a8&#8243; background_color=&#8221;rgba(122,153,168,0.24)&#8221; text_orientation=&#8221;center&#8221; custom_padding=&#8221;20px|10px|10px|10px&#8221;]du r\u00e9seau de la sant\u00e9<br \/>\n[\/et_pb_blurb][\/et_pb_column][et_pb_column type=&#8221;1_3&#8243; _builder_version=&#8221;3.0.47&#8243; parallax=&#8221;off&#8221; parallax_method=&#8221;on&#8221;][et_pb_blurb title=&#8221;Des entreprises &#8221; use_icon=&#8221;on&#8221; font_icon=&#8221;%%144%%&#8221; _builder_version=&#8221;3.0.105&#8243; header_level=&#8221;h3&#8243; header_font=&#8221;|700|||||||&#8221; header_text_align=&#8221;center&#8221; header_font_size=&#8221;18px&#8221; body_font=&#8221;|700|||||||&#8221; body_text_align=&#8221;center&#8221; body_text_color=&#8221;#7a99a8&#8243; background_color=&#8221;rgba(122,153,168,0.24)&#8221; text_orientation=&#8221;center&#8221; custom_padding=&#8221;20px|10px|10px|10px&#8221;][\/et_pb_blurb][\/et_pb_column][et_pb_column type=&#8221;1_3&#8243; _builder_version=&#8221;3.0.47&#8243; parallax=&#8221;off&#8221; parallax_method=&#8221;on&#8221;][et_pb_blurb title=&#8221;Des universit\u00e9s&#8221; use_icon=&#8221;on&#8221; font_icon=&#8221;%%281%%&#8221; _builder_version=&#8221;3.0.105&#8243; header_level=&#8221;h3&#8243; header_font=&#8221;|700|||||||&#8221; header_text_align=&#8221;center&#8221; header_font_size=&#8221;18px&#8221; body_font=&#8221;|700|||||||&#8221; body_text_align=&#8221;center&#8221; body_text_color=&#8221;#7a99a8&#8243; background_color=&#8221;rgba(122,153,168,0.24)&#8221; text_orientation=&#8221;center&#8221; custom_padding=&#8221;20px|10px|10px|10px&#8221;][\/et_pb_blurb][\/et_pb_column][\/et_pb_row][et_pb_row _builder_version=&#8221;3.0.105&#8243;][et_pb_column type=&#8221;1_3&#8243; _builder_version=&#8221;3.0.47&#8243; parallax=&#8221;off&#8221; parallax_method=&#8221;on&#8221;][et_pb_blurb title=&#8221;Des travailleurs autonomes&#8221; use_icon=&#8221;on&#8221; font_icon=&#8221;%%258%%&#8221; _builder_version=&#8221;3.0.105&#8243; header_level=&#8221;h3&#8243; header_font=&#8221;|700|||||||&#8221; header_text_align=&#8221;center&#8221; header_font_size=&#8221;18px&#8221; body_font=&#8221;|700|||||||&#8221; body_text_align=&#8221;center&#8221; body_text_color=&#8221;#7a99a8&#8243; background_color=&#8221;rgba(122,153,168,0.24)&#8221; text_orientation=&#8221;center&#8221; custom_padding=&#8221;20px|10px|10px|10px&#8221;][\/et_pb_blurb][\/et_pb_column][et_pb_column type=&#8221;1_3&#8243; _builder_version=&#8221;3.0.47&#8243; parallax=&#8221;off&#8221; parallax_method=&#8221;on&#8221;][et_pb_blurb title=&#8221;Des organismes&#8221; use_icon=&#8221;on&#8221; font_icon=&#8221;%%259%%&#8221; _builder_version=&#8221;3.0.105&#8243; header_level=&#8221;h3&#8243; header_font=&#8221;|700|||||||&#8221; header_text_align=&#8221;center&#8221; header_font_size=&#8221;18px&#8221; body_font=&#8221;|700|||||||&#8221; body_text_align=&#8221;center&#8221; body_text_color=&#8221;#7a99a8&#8243; background_color=&#8221;rgba(122,153,168,0.24)&#8221; text_orientation=&#8221;center&#8221; custom_padding=&#8221;20px|10px|10px|10px&#8221;][\/et_pb_blurb][\/et_pb_column][et_pb_column type=&#8221;1_3&#8243; _builder_version=&#8221;3.0.47&#8243; parallax=&#8221;off&#8221; parallax_method=&#8221;on&#8221;][et_pb_blurb title=&#8221;Des corporations&#8221; use_icon=&#8221;on&#8221; font_icon=&#8221;%%305%%&#8221; _builder_version=&#8221;3.0.105&#8243; header_level=&#8221;h3&#8243; header_font=&#8221;|700|||||||&#8221; header_text_align=&#8221;center&#8221; header_font_size=&#8221;18px&#8221; body_font=&#8221;|700|||||||&#8221; body_text_align=&#8221;center&#8221; body_text_color=&#8221;#7a99a8&#8243; background_color=&#8221;rgba(122,153,168,0.24)&#8221; text_orientation=&#8221;center&#8221; custom_padding=&#8221;20px|10px|10px|10px&#8221;][\/et_pb_blurb][\/et_pb_column][\/et_pb_row][\/et_pb_section][et_pb_section fb_built=&#8221;1&#8243; _builder_version=&#8221;3.0.105&#8243; custom_padding=&#8221;54px|0px|54px|0px&#8221;][et_pb_row custom_padding=&#8221;20px|0px|27px|0px&#8221; make_equal=&#8221;on&#8221; bg_img_1=&#8221;https:\/\/efaxo.com\/wp-content\/uploads\/2018\/03\/test1ok.jpg&#8221; background_repeat_1=&#8221;no-repeat&#8221; background_blend_1=&#8221;hard-light&#8221; _builder_version=&#8221;3.0.105&#8243;][et_pb_column type=&#8221;1_2&#8243; _builder_version=&#8221;3.0.47&#8243; bg_img=&#8221;https:\/\/efaxo.com\/wp-content\/uploads\/2018\/03\/test1ok.jpg&#8221; parallax=&#8221;off&#8221; parallax_method=&#8221;on&#8221; background_repeat=&#8221;no-repeat&#8221; background_blend=&#8221;hard-light&#8221;][et_pb_image src=&#8221;https:\/\/efaxo.com\/wp-content\/uploads\/2018\/03\/question.png&#8221; _builder_version=&#8221;3.0.105&#8243; filter_invert=&#8221;100%&#8221; filter_opacity=&#8221;89%&#8221;][\/et_pb_image][\/et_pb_column][et_pb_column type=&#8221;1_2&#8243; _builder_version=&#8221;3.0.47&#8243; parallax=&#8221;off&#8221; parallax_method=&#8221;on&#8221;][et_pb_text _builder_version=&#8221;3.0.105&#8243; text_font=&#8221;||||||||&#8221; text_line_height=&#8221;2em&#8221; inline_fonts=&#8221;Open Sans&#8221;]<\/p>\n<p><span style=\"font-size: medium; color: #007096;\"><strong><span style=\"font-family: 'Open Sans';\">Ce qui fait notre r\u00e9putation, c\u2019est d\u2019abord et avant tout la qualit\u00e9 des services offerts. Notre \u00e9quipe met un point d\u2019honneur \u00e0 vous offrir\u00a0:<\/span><\/strong><\/span><\/p>\n<ul>\n<li><span style=\"font-family: 'Open Sans'; font-weight: normal; font-size: medium;\">Un support rapide et courtois,<\/span><\/li>\n<li><span style=\"font-family: 'Open Sans'; font-weight: normal; font-size: medium;\">Un service d\u2019ing\u00e9nierie et de techniciens qualifi\u00e9s<\/span><\/li>\n<\/ul>\n<p><span style=\"font-family: 'Open Sans'; font-weight: normal; font-size: medium;\">\u00c0 l\u2019\u00e9coute de vos besoins, nous sommes d\u00e9vou\u00e9s au succ\u00e8s de vos projets et \u0153uvrons \u00e0 vous offrir le meilleur service tout en respectant votre budget.<\/span><br \/><span style=\"font-family: 'Open Sans'; font-weight: normal; font-size: medium;\"> De la conception de votre site \u00e0 l\u2019h\u00e9bergement en passant par la cr\u00e9ation de contenu et la traduction, de la programmation \u00e0 la maintenance de votre site et la s\u00e9curit\u00e9 de vos donn\u00e9es, notre \u00e9quipe est \u00e0 l\u2019\u00e9coute de vos besoins pour r\u00e9pondre avec efficacit\u00e9 \u00e0 vos attentes et vous donner enti\u00e8re satisfaction.<\/span><br \/><span style=\"font-family: 'Open Sans'; font-weight: normal; font-size: medium;\"> Nous mettons toutes nos ressources humaines et technologiques au service de votre entreprise afin de vous offrir une qualit\u00e9 et une visibilit\u00e9 optimales.<\/span><br \/><span style=\"font-size: medium;\"><strong><span style=\"font-family: 'Open Sans';\"><a href=\"index.php\/contact\/\">Contactez-nous<\/a>!<\/span><\/strong><\/span><\/p>\n<p>[\/et_pb_text][\/et_pb_column][\/et_pb_row][\/et_pb_section]<\/p>\n","protected":false},"excerpt":{"rendered":"<p>Efaxo est une entreprise de solutions web, d\u2019architecture et d\u2019administration de r\u00e9seau, \u00e9tablie depuis 2003 sur la Rive-Sud de Montr\u00e9al. Ses membres sont fiers de l\u2019exp\u00e9rience qu\u2019ils ont acquise au fil des ans. Leur expertise leur permet de desservir\u00a0: du r\u00e9seau de la sant\u00e9 Ce qui fait notre r\u00e9putation, c\u2019est d\u2019abord et avant tout la [&hellip;]<\/p>\n","protected":false},"author":1,"featured_media":0,"parent":0,"menu_order":0,"comment_status":"closed","ping_status":"closed","template":"","meta":{"_et_pb_use_builder":"on","_et_pb_old_content":"","_et_gb_content_width":""},"_links":{"self":[{"href":"https:\/\/efaxo.com\/index.php\/wp-json\/wp\/v2\/pages\/2666"}],"collection":[{"href":"https:\/\/efaxo.com\/index.php\/wp-json\/wp\/v2\/pages"}],"about":[{"href":"https:\/\/efaxo.com\/index.php\/wp-json\/wp\/v2\/types\/page"}],"author":[{"embeddable":true,"href":"https:\/\/efaxo.com\/index.php\/wp-json\/wp\/v2\/users\/1"}],"replies":[{"embeddable":true,"href":"https:\/\/efaxo.com\/index.php\/wp-json\/wp\/v2\/comments?post=2666"}],"version-history":[{"count":3,"href":"https:\/\/efaxo.com\/index.php\/wp-json\/wp\/v2\/pages\/2666\/revisions"}],"predecessor-version":[{"id":2671,"href":"https:\/\/efaxo.com\/index.php\/wp-json\/wp\/v2\/pages\/2666\/revisions\/2671"}],"wp:attachment":[{"href":"https:\/\/efaxo.com\/index.php\/wp-json\/wp\/v2\/media?parent=2666"}],"curies":[{"name":"wp","href":"https:\/\/api.w.org\/{rel}","templated":true}]}}