{"id":2747,"date":"2018-03-31T19:57:08","date_gmt":"2018-03-31T17:57:08","guid":{"rendered":"https:\/\/efaxo.com\/?page_id=2747"},"modified":"2018-04-19T16:15:00","modified_gmt":"2018-04-19T14:15:00","slug":"solutions-web","status":"publish","type":"page","link":"https:\/\/efaxo.com\/index.php\/solutions-web\/","title":{"rendered":"Solutions Web"},"content":{"rendered":"<p>[et_pb_section fb_built=&#8221;1&#8243; fullwidth=&#8221;on&#8221; _builder_version=&#8221;3.0.105&#8243;][et_pb_fullwidth_image src=&#8221;https:\/\/efaxo.com\/wp-content\/uploads\/2018\/03\/Solutions.jpg&#8221; _builder_version=&#8221;3.0.105&#8243;][\/et_pb_fullwidth_image][\/et_pb_section][et_pb_section fb_built=&#8221;1&#8243; _builder_version=&#8221;3.0.106&#8243; background_image=&#8221;https:\/\/efaxo.com\/wp-content\/uploads\/2018\/03\/conception.jpg&#8221; background_size=&#8221;initial&#8221; background_position=&#8221;center_left&#8221; custom_padding=&#8221;90px|1px|0|5px&#8221;][et_pb_row _builder_version=&#8221;3.0.106&#8243; custom_padding=&#8221;0|0px|0|0px&#8221;][et_pb_column type=&#8221;4_4&#8243; _builder_version=&#8221;3.0.106&#8243; parallax=&#8221;off&#8221; parallax_method=&#8221;on&#8221;][et_pb_button button_url=&#8221;https:\/\/efaxo.com\/index.php\/conception-web\/&#8221; _builder_version=&#8221;3.0.106&#8243; background_layout=&#8221;dark&#8221; button_alignment=&#8221;center&#8221; custom_button=&#8221;on&#8221; button_font=&#8221;||||||||&#8221; button_text_size=&#8221;49px&#8221; button_text_color=&#8221;rgba(0,0,0,0)&#8221; button_border_radius_hover=&#8221;0px&#8221; button_border_width=&#8221;0px&#8221; button_on_hover=&#8221;off&#8221;][\/et_pb_button][\/et_pb_column][\/et_pb_row][\/et_pb_section][et_pb_section fb_built=&#8221;1&#8243; background_color=&#8221;rgba(122,153,168,0.23)&#8221; _builder_version=&#8221;3.0.105&#8243; custom_padding=&#8221;18px|0px|0px|0px&#8221; box_shadow_style=&#8221;preset1&#8243; box_shadow_horizontal=&#8221;30px&#8221;][et_pb_row make_fullwidth=&#8221;on&#8221; use_custom_gutter=&#8221;on&#8221; gutter_width=&#8221;2&#8243; custom_padding=&#8221;0px||39px|&#8221; make_equal=&#8221;on&#8221; _builder_version=&#8221;3.0.105&#8243; module_alignment=&#8221;center&#8221;][et_pb_column type=&#8221;1_3&#8243; _builder_version=&#8221;3.0.105&#8243; parallax=&#8221;off&#8221; parallax_method=&#8221;on&#8221;][et_pb_image src=&#8221;https:\/\/efaxo.com\/wp-content\/uploads\/2018\/03\/Icone-e1520812613206.png&#8221; _builder_version=&#8221;3.0.106&#8243; border_radii=&#8221;on|2px|2px|2px|2px&#8221; border_width_all=&#8221;2px&#8221; border_color_all=&#8221;#007096&#8243; max_width=&#8221;45%&#8221; module_alignment=&#8221;center&#8221; background_color=&#8221;#ffffff&#8221;][\/et_pb_image][\/et_pb_column][et_pb_column type=&#8221;2_3&#8243; _builder_version=&#8221;3.0.105&#8243; parallax=&#8221;off&#8221; parallax_method=&#8221;on&#8221;][et_pb_counters _builder_version=&#8221;3.0.106&#8243; title_font=&#8221;||||||||&#8221;][et_pb_counter percent=&#8221;80&#8243; _builder_version=&#8221;3.0.106&#8243; background_color_default=&#8221;#dddddd&#8221; bar_background_color_default=&#8221;#005770&#8243; use_percentages=&#8221;on&#8221; bar_background_color=&#8221;#009db2&#8243; title_font=&#8221;|700|||||||&#8221; title_font_size=&#8221;16px&#8221;]<\/p>\n<p>Conception de sites web sur-mesure<\/p>\n<p>[\/et_pb_counter][et_pb_counter percent=&#8221;90&#8243; _builder_version=&#8221;3.0.106&#8243; background_color_default=&#8221;#dddddd&#8221; bar_background_color_default=&#8221;#005770&#8243; use_percentages=&#8221;on&#8221; bar_background_color=&#8221;rgba(0,55,165,0.85)&#8221; title_font=&#8221;|700|||||||&#8221; title_font_size=&#8221;16px&#8221;]<\/p>\n<p>R\u00e9daction, correction, r\u00e9vision et traduction de contenu web<\/p>\n<p>[\/et_pb_counter][et_pb_counter percent=&#8221;70&#8243; _builder_version=&#8221;3.0.106&#8243; background_color_default=&#8221;#dddddd&#8221; bar_background_color_default=&#8221;#005770&#8243; use_percentages=&#8221;on&#8221; bar_background_color=&#8221;#03005e&#8221; title_font=&#8221;|700|||||||&#8221; title_font_size=&#8221;16px&#8221;]<\/p>\n<p>Le design graphique<\/p>\n<p>[\/et_pb_counter][\/et_pb_counters][\/et_pb_column][\/et_pb_row][\/et_pb_section][et_pb_section fb_built=&#8221;1&#8243; _builder_version=&#8221;3.0.105&#8243; background_image=&#8221;https:\/\/efaxo.com\/wp-content\/uploads\/2018\/03\/Hebergement-1.jpg&#8221; background_size=&#8221;initial&#8221; background_position=&#8221;center_left&#8221; custom_padding=&#8221;90px|1px|1px|5px&#8221;][et_pb_row _builder_version=&#8221;3.0.106&#8243; custom_padding=&#8221;0|0px|27px|0px&#8221;][et_pb_column type=&#8221;4_4&#8243; _builder_version=&#8221;3.0.106&#8243; parallax=&#8221;off&#8221; parallax_method=&#8221;on&#8221;][et_pb_button button_url=&#8221;https:\/\/efaxo.com\/index.php\/hebergement-web\/&#8221; _builder_version=&#8221;3.0.106&#8243; background_layout=&#8221;dark&#8221; button_alignment=&#8221;center&#8221; custom_button=&#8221;on&#8221; button_font=&#8221;||||||||&#8221; button_text_size=&#8221;49px&#8221; button_text_color=&#8221;rgba(0,0,0,0)&#8221; button_use_icon=&#8221;off&#8221; button_border_radius_hover=&#8221;0px&#8221;][\/et_pb_button][\/et_pb_column][\/et_pb_row][\/et_pb_section][et_pb_section fb_built=&#8221;1&#8243; background_color=&#8221;rgba(122,153,168,0.23)&#8221; _builder_version=&#8221;3.0.105&#8243; custom_padding=&#8221;23px|0px|0|0px&#8221; box_shadow_style=&#8221;preset1&#8243; box_shadow_horizontal=&#8221;30px&#8221;][et_pb_row make_fullwidth=&#8221;on&#8221; use_custom_gutter=&#8221;on&#8221; gutter_width=&#8221;2&#8243; custom_padding=&#8221;0px||0|&#8221; make_equal=&#8221;on&#8221; _builder_version=&#8221;3.0.105&#8243; module_alignment=&#8221;center&#8221;][et_pb_column type=&#8221;1_3&#8243; _builder_version=&#8221;3.0.105&#8243; parallax=&#8221;off&#8221; parallax_method=&#8221;on&#8221;][et_pb_image src=&#8221;https:\/\/efaxo.com\/wp-content\/uploads\/2018\/03\/Icone-Admin-e1520812660923.png&#8221; _builder_version=&#8221;3.0.106&#8243; border_radii=&#8221;on|2px|2px|2px|2px&#8221; border_width_all=&#8221;2px&#8221; border_color_all=&#8221;#007096&#8243; align=&#8221;center&#8221; always_center_on_mobile=&#8221;off&#8221; background_color=&#8221;#ffffff&#8221; max_width=&#8221;45%&#8221;][\/et_pb_image][\/et_pb_column][et_pb_column type=&#8221;2_3&#8243; _builder_version=&#8221;3.0.105&#8243; parallax=&#8221;off&#8221; parallax_method=&#8221;on&#8221;][et_pb_counters _builder_version=&#8221;3.0.106&#8243; title_font=&#8221;||||||||&#8221;][et_pb_counter percent=&#8221;98&#8243; _builder_version=&#8221;3.0.106&#8243; background_color_default=&#8221;#dddddd&#8221; bar_background_color_default=&#8221;#005770&#8243; use_percentages=&#8221;on&#8221; bar_background_color=&#8221;#009db2&#8243; title_font=&#8221;|700|||||||&#8221; title_font_size=&#8221;16px&#8221;]<\/p>\n<p>Maintenance de sites<\/p>\n<p>[\/et_pb_counter][et_pb_counter percent=&#8221;100&#8243; _builder_version=&#8221;3.0.106&#8243; background_color_default=&#8221;#dddddd&#8221; bar_background_color_default=&#8221;#005770&#8243; use_percentages=&#8221;on&#8221; bar_background_color=&#8221;rgba(0,55,165,0.85)&#8221; title_font=&#8221;|700|||||||&#8221; title_font_size=&#8221;16px&#8221;]<\/p>\n<p>S\u00e9curit\u00e9 maximale<\/p>\n<p>[\/et_pb_counter][et_pb_counter percent=&#8221;100&#8243; _builder_version=&#8221;3.0.106&#8243; background_color_default=&#8221;#dddddd&#8221; bar_background_color_default=&#8221;#005770&#8243; use_percentages=&#8221;on&#8221; bar_background_color=&#8221;#03005e&#8221; title_font=&#8221;|700|||||||&#8221; title_font_size=&#8221;16px&#8221;]<\/p>\n<p>Mise \u00e0 jour et protection<\/p>\n<p>[\/et_pb_counter][\/et_pb_counters][\/et_pb_column][\/et_pb_row][\/et_pb_section][et_pb_section fb_built=&#8221;1&#8243; _builder_version=&#8221;3.0.105&#8243; background_image=&#8221;https:\/\/efaxo.com\/wp-content\/uploads\/2018\/03\/survey.jpg&#8221; background_size=&#8221;initial&#8221; background_position=&#8221;center_left&#8221; custom_padding=&#8221;38px|1px|0|5px&#8221;][et_pb_row _builder_version=&#8221;3.0.106&#8243; custom_padding=&#8221;0|0px|27px|0px&#8221;][et_pb_column type=&#8221;4_4&#8243; _builder_version=&#8221;3.0.106&#8243; parallax=&#8221;off&#8221; parallax_method=&#8221;on&#8221;][et_pb_button button_url=&#8221;https:\/\/efaxo.com\/index.php\/surveillance-web\/&#8221; _builder_version=&#8221;3.0.106&#8243; background_layout=&#8221;dark&#8221; button_alignment=&#8221;center&#8221; custom_button=&#8221;on&#8221; button_font=&#8221;||||||||&#8221; button_text_size=&#8221;49px&#8221; button_text_color=&#8221;rgba(0,0,0,0)&#8221; button_use_icon=&#8221;off&#8221; button_border_radius_hover=&#8221;0px&#8221;][\/et_pb_button][et_pb_button _builder_version=&#8221;3.0.106&#8243;][\/et_pb_button][\/et_pb_column][\/et_pb_row][\/et_pb_section][et_pb_section fb_built=&#8221;1&#8243; background_color=&#8221;rgba(122,153,168,0.23)&#8221; _builder_version=&#8221;3.0.105&#8243; custom_padding=&#8221;18px|0px|0px|0px&#8221; box_shadow_style=&#8221;preset1&#8243; box_shadow_horizontal=&#8221;30px&#8221;][et_pb_row make_fullwidth=&#8221;on&#8221; use_custom_gutter=&#8221;on&#8221; gutter_width=&#8221;2&#8243; custom_padding=&#8221;0px||39px|&#8221; make_equal=&#8221;on&#8221; _builder_version=&#8221;3.0.105&#8243; module_alignment=&#8221;center&#8221;][et_pb_column type=&#8221;1_3&#8243; _builder_version=&#8221;3.0.105&#8243; parallax=&#8221;off&#8221; parallax_method=&#8221;on&#8221;][et_pb_image src=&#8221;https:\/\/efaxo.com\/wp-content\/uploads\/2018\/03\/Icone-Prog-e1520812630236.png&#8221; _builder_version=&#8221;3.0.106&#8243; border_radii=&#8221;on|2px|2px|2px|2px&#8221; border_width_all=&#8221;2px&#8221; border_color_all=&#8221;#007096&#8243; max_width=&#8221;45%&#8221; module_alignment=&#8221;center&#8221; background_color=&#8221;#ffffff&#8221;][\/et_pb_image][\/et_pb_column][et_pb_column type=&#8221;2_3&#8243; _builder_version=&#8221;3.0.105&#8243; parallax=&#8221;off&#8221; parallax_method=&#8221;on&#8221;][et_pb_counters _builder_version=&#8221;3.0.106&#8243; title_font=&#8221;||||||||&#8221;][et_pb_counter percent=&#8221;95&#8243; _builder_version=&#8221;3.0.106&#8243; background_color_default=&#8221;#dddddd&#8221; bar_background_color_default=&#8221;#005770&#8243; use_percentages=&#8221;on&#8221; bar_background_color=&#8221;#009db2&#8243; title_font=&#8221;|700|||||||&#8221; title_font_size=&#8221;16px&#8221;]<\/p>\n<p>Maintenance de sites<\/p>\n<p>[\/et_pb_counter][et_pb_counter percent=&#8221;100&#8243; _builder_version=&#8221;3.0.106&#8243; background_color_default=&#8221;#dddddd&#8221; bar_background_color_default=&#8221;#005770&#8243; use_percentages=&#8221;on&#8221; bar_background_color=&#8221;rgba(0,55,165,0.85)&#8221; title_font=&#8221;|700|||||||&#8221; title_font_size=&#8221;16px&#8221;]<\/p>\n<p>S\u00e9curit\u00e9 maximale<\/p>\n<p>[\/et_pb_counter][et_pb_counter percent=&#8221;95&#8243; _builder_version=&#8221;3.0.106&#8243; background_color_default=&#8221;#dddddd&#8221; bar_background_color_default=&#8221;#005770&#8243; use_percentages=&#8221;on&#8221; bar_background_color=&#8221;#03005e&#8221; title_font=&#8221;|700|||||||&#8221; title_font_size=&#8221;16px&#8221;]<\/p>\n<p>Mise \u00e0 jour et protection<\/p>\n<p>[\/et_pb_counter][\/et_pb_counters][\/et_pb_column][\/et_pb_row][\/et_pb_section]<\/p>\n","protected":false},"excerpt":{"rendered":"<p>Conception de sites web sur-mesure R\u00e9daction, correction, r\u00e9vision et traduction de contenu web Le design graphique Maintenance de sites S\u00e9curit\u00e9 maximale Mise \u00e0 jour et protection Maintenance de sites S\u00e9curit\u00e9 maximale Mise \u00e0 jour et protection<\/p>\n","protected":false},"author":1,"featured_media":0,"parent":0,"menu_order":0,"comment_status":"closed","ping_status":"closed","template":"","meta":{"_et_pb_use_builder":"on","_et_pb_old_content":"","_et_gb_content_width":""},"_links":{"self":[{"href":"https:\/\/efaxo.com\/index.php\/wp-json\/wp\/v2\/pages\/2747"}],"collection":[{"href":"https:\/\/efaxo.com\/index.php\/wp-json\/wp\/v2\/pages"}],"about":[{"href":"https:\/\/efaxo.com\/index.php\/wp-json\/wp\/v2\/types\/page"}],"author":[{"embeddable":true,"href":"https:\/\/efaxo.com\/index.php\/wp-json\/wp\/v2\/users\/1"}],"replies":[{"embeddable":true,"href":"https:\/\/efaxo.com\/index.php\/wp-json\/wp\/v2\/comments?post=2747"}],"version-history":[{"count":42,"href":"https:\/\/efaxo.com\/index.php\/wp-json\/wp\/v2\/pages\/2747\/revisions"}],"predecessor-version":[{"id":2943,"href":"https:\/\/efaxo.com\/index.php\/wp-json\/wp\/v2\/pages\/2747\/revisions\/2943"}],"wp:attachment":[{"href":"https:\/\/efaxo.com\/index.php\/wp-json\/wp\/v2\/media?parent=2747"}],"curies":[{"name":"wp","href":"https:\/\/api.w.org\/{rel}","templated":true}]}}