{"id":2889,"date":"2018-04-01T01:48:52","date_gmt":"2018-03-31T23:48:52","guid":{"rendered":"https:\/\/efaxo.com\/?page_id=2889"},"modified":"2018-04-01T06:53:03","modified_gmt":"2018-04-01T04:53:03","slug":"conception-web","status":"publish","type":"page","link":"https:\/\/efaxo.com\/index.php\/conception-web\/","title":{"rendered":"Conception Web"},"content":{"rendered":"<p>[et_pb_section fb_built=&#8221;1&#8243; _builder_version=&#8221;3.0.105&#8243; background_image=&#8221;https:\/\/efaxo.com\/wp-content\/uploads\/2018\/03\/conception.jpg&#8221; background_size=&#8221;initial&#8221; background_position=&#8221;center_left&#8221; custom_padding=&#8221;90px|1px|121px|5px&#8221;][\/et_pb_section][et_pb_section fb_built=&#8221;1&#8243; background_color=&#8221;rgba(122,153,168,0.23)&#8221; _builder_version=&#8221;3.0.105&#8243; custom_padding=&#8221;18px|0px|0px|0px&#8221; box_shadow_style=&#8221;preset1&#8243; box_shadow_horizontal=&#8221;30px&#8221;][et_pb_row make_fullwidth=&#8221;on&#8221; use_custom_gutter=&#8221;on&#8221; gutter_width=&#8221;2&#8243; custom_padding=&#8221;0px||39px|&#8221; make_equal=&#8221;on&#8221; _builder_version=&#8221;3.0.105&#8243; module_alignment=&#8221;center&#8221;][et_pb_column type=&#8221;1_3&#8243; _builder_version=&#8221;3.0.47&#8243; parallax=&#8221;off&#8221; parallax_method=&#8221;on&#8221;][et_pb_image src=&#8221;https:\/\/efaxo.com\/wp-content\/uploads\/2018\/03\/Web.jpg&#8221; force_fullwidth=&#8221;on&#8221; _builder_version=&#8221;3.0.105&#8243; border_radii=&#8221;on|2px|2px|2px|2px&#8221; border_width_all=&#8221;2px&#8221; border_color_all=&#8221;#007096&#8243;][\/et_pb_image][\/et_pb_column][et_pb_column type=&#8221;2_3&#8243; _builder_version=&#8221;3.0.47&#8243; parallax=&#8221;off&#8221; parallax_method=&#8221;on&#8221;][et_pb_accordion _builder_version=&#8221;3.0.106&#8243; icon_color=&#8221;#007096&#8243; text_orientation=&#8221;left&#8221; body_font=&#8221;Open Sans||||||||&#8221; toggle_font=&#8221;|700|||||||&#8221; closed_toggle_text_color=&#8221;#276a7c&#8221; toggle_level=&#8221;h3&#8243; body_font_size=&#8221;16px&#8221; toggle_font_size=&#8221;18px&#8221; border_radii=&#8221;on|2px|2px|2px|2px&#8221; border_width_bottom=&#8221;2px&#8221; border_color_bottom=&#8221;#007096&#8243;][et_pb_accordion_item title=&#8221;Le design graphique : votre identit\u00e9 visuelle&#8221; _builder_version=&#8221;3.0.106&#8243; open=&#8221;off&#8221;]<\/p>\n<p>Quelle que soit votre entreprise, sa taille ou encore son anciennet\u00e9, l\u2019image que vous offrez est primordiale tant pour vos clients, vos fournisseurs, vos collaborateurs que vos prospects. Opter pour une image qui soit coh\u00e9rente avec vos valeurs, vos objectifs et qui refl\u00e8te qui vous \u00eates, vous permet de vous d\u00e9marquer plus efficacement. Votre message sera mieux per\u00e7u et vous gagnerez en notori\u00e9t\u00e9.<\/p>\n<p>Qu\u2019il s\u2019agisse d\u2019un r\u00e9seau de communication interne ou externe, votre message visuel doit \u00eatre coh\u00e9rent : fort, authentique, mettant vos valeurs, votre savoir-faire et votre savoir-\u00eatre en avant et valoriser la qualit\u00e9 de vos produits et ou services.<\/p>\n<p>Une conception graphique en harmonie avec votre message augmentera donc l\u2019impact que vous aurez sur le web.<\/p>\n<p>Notre \u00e9quipe de design graphique vous accompagnera tout au long du processus et mettra \u00e0 votre disposition des services tels que :<\/p>\n<ul>\n<li>Conception ou rafra\u00eechissement de logo<\/li>\n<li>Cr\u00e9ation de visuel pour site web et r\u00e9seaux sociaux<\/li>\n<li>Cr\u00e9ation de visuel pour m\u00e9dias imprim\u00e9s (cartes de visite, papeterie, affiches, etc)<\/li>\n<li>Retouche photo et montage infographique<\/li>\n<li>En nous confiant votre identit\u00e9 visuelle ainsi que la cr\u00e9ation de vos supports de communication, vous optimisez votre visibilit\u00e9 en optant pour :<\/li>\n<\/ul>\n<p>L\u2019assurance de travailler avec des professionnels exp\u00e9riment\u00e9s,<\/p>\n<p>La s\u00e9curit\u00e9 de faire affaire avec un partenaire local, \u00e0 l\u2019\u00e9coute de vos besoins, au fait de votre r\u00e9alit\u00e9 et soucieux d\u2019intervenir dans les meilleurs d\u00e9lais.<\/p>\n<p>Contactez-nous d\u00e8s \u00e0 pr\u00e9sent en <a href=\"..\/contact\/\"><span style=\"text-decoration: underline;\"><strong>cliquant ici<\/strong><\/span><\/a>!<\/p>\n<p>[\/et_pb_accordion_item][et_pb_accordion_item title=&#8221;Cr\u00e9ation de site web quelle solution?&#8221; _builder_version=&#8221;3.0.106&#8243; open=&#8221;off&#8221;]<\/p>\n<p>Votre entreprise a besoin d\u2019un site internet mais votre budget est restreint ? Nous vous offrons un produit sp\u00e9cifiquement destin\u00e9 \u00e0 votre budget.<\/p>\n<p><span style=\"text-decoration: underline;\"><strong>Faites-nous part de vos besoins et\u00a0:<\/strong><\/span><\/p>\n<ul>\n<li>Nous s\u00e9lectionnerons divers gabarits pr\u00e9con\u00e7us correspondant \u00e0 vos exigences<\/li>\n<li>Nous le personnaliserons avec votre logo, vos couleurs et votre contenu<\/li>\n<li>Nous le synchroniserons avec WordPress, syst\u00e8me de gestion de contenu \u00ab\u00a0Open Source\u00a0\u00bb facilement administrable<\/li>\n<li>Nous vous aiderons \u00e0 choisir un nom de domaine<\/li>\n<li>Nous mettrons votre site en ligne<\/li>\n<\/ul>\n<p>Lorsque vos activit\u00e9s prendront de l\u2019ampleur, nous adapterons votre site web selon vos nouveaux besoins afin qu\u2019il corresponde \u00e0 la croissance de votre entreprise en vue d\u2019optimiser votre image num\u00e9rique. Nos sites sont modulables, \u00e9volutifs et s\u2019adaptent facilement \u00e0 vos nouvelles aspirations.<\/p>\n<p>Confiez-nous d\u00e8s aujourd\u2019hui votre projet, nous vous assurons une approche responsable et consciente de vos limites budg\u00e9taires.!\u00a0contactez notre d\u00e9partement de conception de sites web sur-mesure en <a href=\"..\/contact\/\"><span style=\"text-decoration: underline;\"><strong>cliquant ici<\/strong><\/span><\/a>!<\/p>\n<p><span style=\"text-decoration: underline;\"><strong>\u00c0 besoins limit\u00e9s, site adapt\u00e9 !<\/strong><\/span><\/p>\n<p>Vous n\u2019avez qu\u2019un seul produit ou service \u00e0 mettre en ligne ? Vous proposez une offre limit\u00e9e dans le temps? Optez pour un microsite, aussi appel\u00e9 \u00ab One Page \u00bb Ce type de site fait \u00e9galement appel \u00e0 des gabarits pr\u00e9con\u00e7us qui acc\u00e9l\u00e8rent le processus de cr\u00e9ation et en r\u00e9duisent les co\u00fbts de d\u00e9veloppement.<\/p>\n<p>Vous \u00eates autonomes et cr\u00e9atifs et souhaitez r\u00e9aliser votre site vous-m\u00eames ? Pas de souci, nous mettons \u00e0 votre disposition un portail sp\u00e9cifique vous permettant de d\u00e9velopper votre page \u00e0 votre rythme et selon vos sp\u00e9cifications. Besoin d\u2019aide ? En tout temps, vous pouvez demander l\u2019assistance d\u2019un de nos sp\u00e9cialistes qui vous guidera et vous aidera \u00e0 aller au bout de votre projet.\u00a0Contactez notre d\u00e9partement de conception de sites web sur-mesure en <a href=\"..\/contact\/\"><span style=\"text-decoration: underline;\"><strong>cliquant ici<\/strong><\/span><\/a>!<\/p>\n<p>[\/et_pb_accordion_item][et_pb_accordion_item title=&#8221;Conception de sites web sur-mesure&#8221; _builder_version=&#8221;3.0.106&#8243; open=&#8221;off&#8221;]<\/p>\n<p>Vous souhaitez cr\u00e9er un site internet professionnel? Vous voulez un site intuitif, convivial et agr\u00e9ment\u00e9 de fonctionnalit\u00e9s sp\u00e9cifiques? Vous voulez une signature visuelle unique, accrocheuse et qui marque ? Choisissez la conception de sites web sur-mesure.<\/p>\n<p>Plus flexible, elle comporte des innovations technologiques majeures et personnalisables \u00e0 l\u2019infini. Avec une interface con\u00e7ue selon vos demandes, vous obtenez plus de performances en termes de r\u00e9f\u00e9rencement.<\/p>\n<p>Notre \u00e9quipe de graphistes, d\u2019int\u00e9grateurs et de d\u00e9veloppeurs met tout son enthousiasme et son savoir-faire \u00e0 votre service pour vous offrir la mise en ligne de sites uniques, performants et esth\u00e9tiquement aboutis.<\/p>\n<p>Notre philosophie de d\u00e9veloppement web se veut avant tout humaine et nous mettons un point d\u2019honneur \u00e0 mener \u00e0 bien votre projet car notre r\u00e9ussite passe par la r\u00e9ussite des sites que nous livrons et ce toujours \u00e0 des prix abordables.<\/p>\n<p>Confiez-nous votre projet ! Qu\u2019il s\u2019agisse de la cr\u00e9ation d\u2019une boutique en ligne, de plateformes web avec des fonctionnalit\u00e9s sp\u00e9cifiques ou encore d\u2019un site avec une vitrine avant-gardiste, nous choisirons le langage de programmation, la plateforme CMS et les options adapt\u00e9es \u00e0 vos besoins et vous livrerons un site web irr\u00e9prochable. Fiez-vous \u00e0 notre exp\u00e9rience et \u00e0 notre expertise et contactez notre d\u00e9partement de conception de sites web sur-mesure en <a href=\"..\/contact\/\"><span style=\"text-decoration: underline;\"><strong>cliquant ici<\/strong><\/span><\/a>.<\/p>\n<p>[\/et_pb_accordion_item][et_pb_accordion_item title=&#8221;R\u00e9daction, correction, r\u00e9vision et traduction de contenu web&#8221; _builder_version=&#8221;3.0.106&#8243; open=&#8221;on&#8221;]<\/p>\n<p><span style=\"text-decoration: underline;\"><strong>L\u2019importance d\u2019un contenu textuel de qualit\u00e9<\/strong><\/span><\/p>\n<p>Un contenu de qualit\u00e9 est fondamental. Il est le reflet du s\u00e9rieux de votre entreprise et permet d\u2019optimiser votre taux de conversion client. Il contribue surtout \u00e0 accro\u00eetre votre visibilit\u00e9 sur les diff\u00e9rents moteurs de recherche.<br \/> Depuis 2011 le lancement de l\u2019algorithme Google Panda permet de r\u00e9f\u00e9rencer les sites dot\u00e9s de contenus textuels de qualit\u00e9. Ils se frayent une meilleure place dans les r\u00e9sultats de recherche.<br \/> Pourquoi une r\u00e9daction web de qualit\u00e9 ?<br \/> Un texte performant est une marque de qualit\u00e9 et de professionnalisme et se doit de r\u00e9pondre \u00e0 certains crit\u00e8res et exigences comme :<\/p>\n<ul>\n<li>Une structure lexicale coh\u00e9rente<\/li>\n<li>Une syntaxe et une orthographe irr\u00e9prochables<\/li>\n<li>Un contenu utile et informatif<\/li>\n<li>Un contenu unique et r\u00e9guli\u00e8rement mis \u00e0 jour<\/li>\n<\/ul>\n<p>Si le contenu visuel est accrocheur pour attirer vos prospects, un contenu textuel impeccable l\u2019est tout autant. Vous pensez \u00e0 la conception de votre site ? Nous offrons les services de r\u00e9dacteurs professionnels et exp\u00e9riment\u00e9s qui vous aideront \u00e0 concevoir un contenu clair, dynamique et correspondant \u00e0 votre image.<\/p>\n<p><span style=\"text-decoration: underline;\"><strong>Services de correction et de r\u00e9vision<\/strong><\/span><\/p>\n<p>Vous poss\u00e9dez un site et vous n\u2019\u00eates pas satisfaits de sa visibilit\u00e9 ou de l\u2019accueil qu\u2019il re\u00e7oit de la part des utilisateurs qui le visitent ? Faites appel \u00e0 nos services d\u2019analyse de contenu. Nous retravaillerons les textes en profondeur et y apporterons les corrections n\u00e9cessaires afin de rendre votre site plus professionnel et vous assurer qu\u2019il captera l\u2019attention des internautes.<\/p>\n<p><span style=\"text-decoration: underline;\"><strong>Services de traduction<\/strong><\/span><\/p>\n<p>Un site bilingue, voir trilingue, augmente votre visibilit\u00e9 et votre client\u00e8le ! Ne vous limitez pas aux seules fronti\u00e8res francophones. Pour vous permettre de propulser votre entreprise \u00e0 travers le monde, nous vous offrons des services de traduction dans les langues suivantes :<\/p>\n<ul>\n<li>Fran\u00e7ais-anglais<\/li>\n<li>Fran\u00e7ais-espagnol<\/li>\n<li>Anglais-espagnol<\/li>\n<li>Fran\u00e7ais-italien<\/li>\n<\/ul>\n<p>Efaxo a su constituer une \u00e9quipe d\u2019experts passionn\u00e9s et dou\u00e9s d\u2019expertises compl\u00e9mentaires qui ont pour objectif commun de vous fournir l\u2019excellence quand il s\u2019agit de votre contenu web. Nous mettons \u00e0 votre service un d\u00e9vouement total afin de mener votre projet vers la r\u00e9ussite.<\/p>\n<p>Confiez-nous la r\u00e9daction, la traduction, la r\u00e9vision ou la correction de votre contenu internet. Contactez-nous sans plus attendre en <a href=\"..\/contact\/\"><span style=\"text-decoration: underline;\"><strong>cliquant ici<\/strong><\/span><\/a>!<\/p>\n<p>[\/et_pb_accordion_item][\/et_pb_accordion][\/et_pb_column][\/et_pb_row][\/et_pb_section]<\/p>\n","protected":false},"excerpt":{"rendered":"<p>Quelle que soit votre entreprise, sa taille ou encore son anciennet\u00e9, l\u2019image que vous offrez est primordiale tant pour vos clients, vos fournisseurs, vos collaborateurs que vos prospects. Opter pour une image qui soit coh\u00e9rente avec vos valeurs, vos objectifs et qui refl\u00e8te qui vous \u00eates, vous permet de vous d\u00e9marquer plus efficacement. Votre message [&hellip;]<\/p>\n","protected":false},"author":1,"featured_media":0,"parent":0,"menu_order":0,"comment_status":"closed","ping_status":"closed","template":"","meta":{"_et_pb_use_builder":"on","_et_pb_old_content":"","_et_gb_content_width":""},"_links":{"self":[{"href":"https:\/\/efaxo.com\/index.php\/wp-json\/wp\/v2\/pages\/2889"}],"collection":[{"href":"https:\/\/efaxo.com\/index.php\/wp-json\/wp\/v2\/pages"}],"about":[{"href":"https:\/\/efaxo.com\/index.php\/wp-json\/wp\/v2\/types\/page"}],"author":[{"embeddable":true,"href":"https:\/\/efaxo.com\/index.php\/wp-json\/wp\/v2\/users\/1"}],"replies":[{"embeddable":true,"href":"https:\/\/efaxo.com\/index.php\/wp-json\/wp\/v2\/comments?post=2889"}],"version-history":[{"count":5,"href":"https:\/\/efaxo.com\/index.php\/wp-json\/wp\/v2\/pages\/2889\/revisions"}],"predecessor-version":[{"id":2910,"href":"https:\/\/efaxo.com\/index.php\/wp-json\/wp\/v2\/pages\/2889\/revisions\/2910"}],"wp:attachment":[{"href":"https:\/\/efaxo.com\/index.php\/wp-json\/wp\/v2\/media?parent=2889"}],"curies":[{"name":"wp","href":"https:\/\/api.w.org\/{rel}","templated":true}]}}