{"id":2892,"date":"2018-04-01T02:03:55","date_gmt":"2018-04-01T00:03:55","guid":{"rendered":"https:\/\/efaxo.com\/?page_id=2892"},"modified":"2018-04-19T07:39:18","modified_gmt":"2018-04-19T05:39:18","slug":"surveillance-web","status":"publish","type":"page","link":"https:\/\/efaxo.com\/index.php\/surveillance-web\/","title":{"rendered":"Surveillance Web"},"content":{"rendered":"<p>[et_pb_section fb_built=&#8221;1&#8243; _builder_version=&#8221;3.0.105&#8243; background_image=&#8221;https:\/\/efaxo.com\/wp-content\/uploads\/2018\/03\/survey.jpg&#8221; background_size=&#8221;initial&#8221; background_position=&#8221;center_left&#8221; custom_padding=&#8221;112px|1px|121px|5px&#8221;][\/et_pb_section][et_pb_section fb_built=&#8221;1&#8243; background_color=&#8221;rgba(122,153,168,0.23)&#8221; _builder_version=&#8221;3.0.105&#8243; custom_padding=&#8221;18px|0px|0px|0px&#8221; box_shadow_style=&#8221;preset1&#8243; box_shadow_horizontal=&#8221;30px&#8221;][et_pb_row make_fullwidth=&#8221;on&#8221; use_custom_gutter=&#8221;on&#8221; gutter_width=&#8221;2&#8243; custom_padding=&#8221;0px||39px|&#8221; make_equal=&#8221;on&#8221; _builder_version=&#8221;3.0.105&#8243; module_alignment=&#8221;center&#8221;][et_pb_column type=&#8221;1_3&#8243; _builder_version=&#8221;3.0.47&#8243; parallax=&#8221;off&#8221; parallax_method=&#8221;on&#8221;][et_pb_image src=&#8221;https:\/\/efaxo.com\/wp-content\/uploads\/2018\/03\/Maintenance-1.jpg&#8221; force_fullwidth=&#8221;on&#8221; _builder_version=&#8221;3.0.105&#8243; border_radii=&#8221;on|2px|2px|2px|2px&#8221; border_width_all=&#8221;2px&#8221; border_color_all=&#8221;#007096&#8243;][\/et_pb_image][\/et_pb_column][et_pb_column type=&#8221;2_3&#8243; _builder_version=&#8221;3.0.47&#8243; parallax=&#8221;off&#8221; parallax_method=&#8221;on&#8221;][et_pb_accordion _builder_version=&#8221;3.0.106&#8243; body_font=&#8221;Open Sans||||||||&#8221; body_text_align=&#8221;left&#8221; body_font_size=&#8221;16px&#8221; toggle_level=&#8221;h3&#8243; toggle_font=&#8221;Open Sans|700|||||||&#8221; toggle_font_size=&#8221;18px&#8221; text_orientation=&#8221;left&#8221;][et_pb_accordion_item title=&#8221;Maintenance de sites&#8221; closed_toggle_text_color=&#8221;#276a7c&#8221; icon_color=&#8221;#276a7c&#8221; _builder_version=&#8221;3.0.106&#8243; title_text_shadow_horizontal_length=&#8221;0em&#8221; title_text_shadow_vertical_length=&#8221;0em&#8221; title_text_shadow_blur_strength=&#8221;0em&#8221; body_text_shadow_horizontal_length=&#8221;0em&#8221; body_text_shadow_vertical_length=&#8221;0em&#8221; body_text_shadow_blur_strength=&#8221;0em&#8221; border_width_bottom=&#8221;2px&#8221; border_color_bottom=&#8221;#276a7c&#8221; text_orientation=&#8221;left&#8221; open=&#8221;on&#8221;]<\/p>\n<p>Vous utilisez le CMS (Gestionnaire de Contenu) WordPress pour propulser votre site ? Cette plateforme offre entre autre souplesse, intuitivit\u00e9, \u00e9volutivit\u00e9 mais \u00e9galement une infinit\u00e9 de ressources. Des millions d\u2019utilisateurs ont opt\u00e9 pour cette solution. Le hic c\u2019est que cette popularit\u00e9 la rend plus vuln\u00e9rable aux attaques r\u00e9p\u00e9t\u00e9es des \u201chackers\u201d. \u00c0 cet effet, nous avons d\u00e9velopp\u00e9 une gamme de services pr\u00e9ventifs sp\u00e9cifiques pour pallier \u00e0 cette vuln\u00e9rabilit\u00e9 potentielle.<\/p>\n<p>Contactez-nous d\u00e8s \u00e0 pr\u00e9sent en <span style=\"text-decoration: underline;\"><strong><a href=\"..\/contact\/\">cliquant ici<\/a><\/strong><\/span>!<\/p>\n<p>[\/et_pb_accordion_item][et_pb_accordion_item title=&#8221;S\u00e9curit\u00e9 maximale&#8221; _builder_version=&#8221;3.0.106&#8243; title_text_shadow_horizontal_length=&#8221;0em&#8221; title_text_shadow_vertical_length=&#8221;0em&#8221; title_text_shadow_blur_strength=&#8221;0em&#8221; body_text_shadow_horizontal_length=&#8221;0em&#8221; body_text_shadow_vertical_length=&#8221;0em&#8221; body_text_shadow_blur_strength=&#8221;0em&#8221; open=&#8221;off&#8221;]<\/p>\n<p>Vous utilisez le CMS (Gestionnaire de Contenu) WordPress pour propulser votre site ? Cette plateforme offre entre autre souplesse, intuitivit\u00e9, \u00e9volutivit\u00e9 mais \u00e9galement une infinit\u00e9 de ressources. Des millions d\u2019utilisateurs ont opt\u00e9 pour cette solution. Le hic c\u2019est que cette popularit\u00e9 la rend plus vuln\u00e9rable aux attaques r\u00e9p\u00e9t\u00e9es des \u201chackers\u201d. \u00c0 cet effet, nous avons d\u00e9velopp\u00e9 une gamme de services pr\u00e9ventifs sp\u00e9cifiques pour pallier \u00e0 cette vuln\u00e9rabilit\u00e9 potentielle.<\/p>\n<p>Contactez-nous d\u00e8s \u00e0 pr\u00e9sent en <span style=\"text-decoration: underline;\"><strong><a href=\"..\/contact\/\">cliquant ici<\/a><\/strong><\/span>!<\/p>\n<p>[\/et_pb_accordion_item][et_pb_accordion_item title=&#8221;Mise \u00e0 jour et protection&#8221; open=&#8221;off&#8221; _builder_version=&#8221;3.0.106&#8243; title_text_shadow_horizontal_length=&#8221;0em&#8221; title_text_shadow_vertical_length=&#8221;0em&#8221; title_text_shadow_blur_strength=&#8221;0em&#8221; body_text_shadow_horizontal_length=&#8221;0em&#8221; body_text_shadow_vertical_length=&#8221;0em&#8221; body_text_shadow_blur_strength=&#8221;0em&#8221;]<\/p>\n<p>Les pirates informatiques sont toujours \u00e0 l\u2019aff\u00fbt de failles de s\u00e9curit\u00e9 qu\u2019ils peuvent exploiter. La communaut\u00e9 d\u2019utilisateurs et de d\u00e9veloppeurs WordPress est aux faits de ces risques et colmate les br\u00e8ches avant m\u00eame que celles-ci ne soient identifi\u00e9es par les hackers. Cependant, si votre site n\u2019est pas actualis\u00e9 \u00e0 temps il devient vuln\u00e9rable. C\u2019est pourquoi, nous assurons un travail de veille constant et actualisons vos th\u00e8mes, plugins et modules r\u00e9guli\u00e8rement afin que la s\u00e9curit\u00e9 globale de votre site ne soit pas compromise.\u00a0Contactez-nous d\u00e8s \u00e0 pr\u00e9sent en <span><strong><a href=\"..\/contact\/\"><span style=\"text-decoration: underline;\">cliquant ici<\/span><\/a><\/strong><a href=\"..\/contact\/\">!<\/a><strong><a href=\"..\/contact\/\"><\/a><\/strong><\/span><\/p>\n<p>[\/et_pb_accordion_item][\/et_pb_accordion][\/et_pb_column][\/et_pb_row][\/et_pb_section]<\/p>\n","protected":false},"excerpt":{"rendered":"<p>Vous utilisez le CMS (Gestionnaire de Contenu) WordPress pour propulser votre site ? Cette plateforme offre entre autre souplesse, intuitivit\u00e9, \u00e9volutivit\u00e9 mais \u00e9galement une infinit\u00e9 de ressources. Des millions d\u2019utilisateurs ont opt\u00e9 pour cette solution. Le hic c\u2019est que cette popularit\u00e9 la rend plus vuln\u00e9rable aux attaques r\u00e9p\u00e9t\u00e9es des \u201chackers\u201d. \u00c0 cet effet, nous avons [&hellip;]<\/p>\n","protected":false},"author":1,"featured_media":0,"parent":0,"menu_order":0,"comment_status":"closed","ping_status":"closed","template":"","meta":{"_et_pb_use_builder":"on","_et_pb_old_content":"","_et_gb_content_width":""},"_links":{"self":[{"href":"https:\/\/efaxo.com\/index.php\/wp-json\/wp\/v2\/pages\/2892"}],"collection":[{"href":"https:\/\/efaxo.com\/index.php\/wp-json\/wp\/v2\/pages"}],"about":[{"href":"https:\/\/efaxo.com\/index.php\/wp-json\/wp\/v2\/types\/page"}],"author":[{"embeddable":true,"href":"https:\/\/efaxo.com\/index.php\/wp-json\/wp\/v2\/users\/1"}],"replies":[{"embeddable":true,"href":"https:\/\/efaxo.com\/index.php\/wp-json\/wp\/v2\/comments?post=2892"}],"version-history":[{"count":4,"href":"https:\/\/efaxo.com\/index.php\/wp-json\/wp\/v2\/pages\/2892\/revisions"}],"predecessor-version":[{"id":2941,"href":"https:\/\/efaxo.com\/index.php\/wp-json\/wp\/v2\/pages\/2892\/revisions\/2941"}],"wp:attachment":[{"href":"https:\/\/efaxo.com\/index.php\/wp-json\/wp\/v2\/media?parent=2892"}],"curies":[{"name":"wp","href":"https:\/\/api.w.org\/{rel}","templated":true}]}}