{"id":2896,"date":"2018-04-01T02:09:11","date_gmt":"2018-04-01T00:09:11","guid":{"rendered":"https:\/\/efaxo.com\/?page_id=2896"},"modified":"2018-04-19T05:52:26","modified_gmt":"2018-04-19T03:52:26","slug":"hebergement-web","status":"publish","type":"page","link":"https:\/\/efaxo.com\/index.php\/hebergement-web\/","title":{"rendered":"H\u00e9bergement Web"},"content":{"rendered":"<p>[et_pb_section fb_built=&#8221;1&#8243; _builder_version=&#8221;3.0.105&#8243; background_image=&#8221;https:\/\/efaxo.com\/wp-content\/uploads\/2018\/03\/Hebergement-1.jpg&#8221; background_size=&#8221;initial&#8221; background_position=&#8221;center_left&#8221; custom_padding=&#8221;90px|1px|121px|5px&#8221;][\/et_pb_section][et_pb_section fb_built=&#8221;1&#8243; background_color=&#8221;rgba(122,153,168,0.23)&#8221; _builder_version=&#8221;3.0.105&#8243; custom_padding=&#8221;18px|0px|0px|0px&#8221; box_shadow_style=&#8221;preset1&#8243; box_shadow_horizontal=&#8221;30px&#8221;][et_pb_row make_fullwidth=&#8221;on&#8221; use_custom_gutter=&#8221;on&#8221; gutter_width=&#8221;2&#8243; custom_padding=&#8221;0px||39px|&#8221; make_equal=&#8221;on&#8221; _builder_version=&#8221;3.0.105&#8243; module_alignment=&#8221;center&#8221;][et_pb_column type=&#8221;1_3&#8243; _builder_version=&#8221;3.0.47&#8243; parallax=&#8221;off&#8221; parallax_method=&#8221;on&#8221;][et_pb_image src=&#8221;https:\/\/efaxo.com\/wp-content\/uploads\/2018\/03\/7743.jpg&#8221; force_fullwidth=&#8221;on&#8221; _builder_version=&#8221;3.0.105&#8243; border_radii=&#8221;on|2px|2px|2px|2px&#8221; border_width_all=&#8221;2px&#8221; border_color_all=&#8221;#007096&#8243;][\/et_pb_image][\/et_pb_column][et_pb_column type=&#8221;2_3&#8243; _builder_version=&#8221;3.0.47&#8243; parallax=&#8221;off&#8221; parallax_method=&#8221;on&#8221;][et_pb_accordion _builder_version=&#8221;3.0.106&#8243; icon_color=&#8221;#007096&#8243; text_orientation=&#8221;left&#8221; body_font=&#8221;Open Sans||||||||&#8221; body_text_align=&#8221;left&#8221; body_font_size=&#8221;16px&#8221; toggle_font=&#8221;Open Sans|700|||||||&#8221; closed_toggle_text_color=&#8221;#276a7c&#8221; toggle_level=&#8221;h3&#8243; toggle_text_align=&#8221;left&#8221; toggle_font_size=&#8221;18px&#8221; border_radii=&#8221;on||||&#8221; border_width_bottom=&#8221;2px&#8221; border_color_bottom=&#8221;#276a7c&#8221;][et_pb_accordion_item title=&#8221;H\u00e9bergement sur des serveurs au Qu\u00e9bec&#8221; open=&#8221;off&#8221; _builder_version=&#8221;3.0.106&#8243; title_text_shadow_horizontal_length=&#8221;0em&#8221; title_text_shadow_vertical_length=&#8221;0em&#8221; title_text_shadow_blur_strength=&#8221;0em&#8221; body_text_shadow_horizontal_length=&#8221;0em&#8221; body_text_shadow_vertical_length=&#8221;0em&#8221; body_text_shadow_blur_strength=&#8221;0em&#8221;]<\/p>\n<p>L\u2019h\u00e9bergement web est un service dont on parle peu et qui pourtant est fondamental au niveau de l\u2019activit\u00e9 num\u00e9rique de votre entreprise. Sans l\u2019h\u00e9bergement, votre site internet ne s\u2019affiche pas et vous n\u2019avez pas acc\u00e8s \u00e0 vos courriels.<\/p>\n<p>Un bon h\u00e9bergement se doit d\u2019\u00eatre irr\u00e9prochable, performant et s\u00e9curitaire.<\/p>\n<p>Efaxo vous propose ce qui se fait de mieux en termes d\u2019h\u00e9bergement web\u00a0:<\/p>\n<ul>\n<li>Centre de donn\u00e9es classe A<\/li>\n<li>S\u00e9curit\u00e9 informatique et confidentialit\u00e9 des donn\u00e9es<\/li>\n<li>R\u00e9seautique ultra-rapide par fibre optique favorisant le temps de chargement des pages de votre site web<\/li>\n<li>H\u00e9bergement web de performance<\/li>\n<\/ul>\n<p> Garantie d\u2019accessibilit\u00e9 continue \u00e0 votre site web et \u00e0 vos bo\u00eetes courriel<br \/> Contactez-nous d\u00e8s \u00e0 pr\u00e9sent en <strong><span style=\"text-decoration: underline;\"><a href=\"..\/contact\/\">cliquant ici<\/a><\/span><\/strong>!<\/p>\n<p>[\/et_pb_accordion_item][et_pb_accordion_item title=&#8221;Un nom de domaine unique&#8221; _builder_version=&#8221;3.0.106&#8243; title_text_shadow_horizontal_length=&#8221;0em&#8221; title_text_shadow_vertical_length=&#8221;0em&#8221; title_text_shadow_blur_strength=&#8221;0em&#8221; body_text_shadow_horizontal_length=&#8221;0em&#8221; body_text_shadow_vertical_length=&#8221;0em&#8221; body_text_shadow_blur_strength=&#8221;0em&#8221; open=&#8221;on&#8221;]<\/p>\n<p>Nous vous aidons \u00e0 choisir, r\u00e9server et param\u00e9trer votre nom de domaine. Ce qui vous permettra d\u2019acc\u00e9der \u00e0 votre site internet mais pourra \u00e9galement \u00eatre utilis\u00e9 pour vos adresses courriel.<\/p>\n<p>Contactez-nous d\u00e8s \u00e0 pr\u00e9sent en <span><a href=\"..\/contact\/\"><strong>cliquant ici<\/strong><\/a><\/span>!<\/p>\n<p>[\/et_pb_accordion_item][et_pb_accordion_item title=&#8221;Un certificat SSL s\u00e9curitaire&#8221; _builder_version=&#8221;3.0.106&#8243; title_text_shadow_horizontal_length=&#8221;0em&#8221; title_text_shadow_vertical_length=&#8221;0em&#8221; title_text_shadow_blur_strength=&#8221;0em&#8221; body_text_shadow_horizontal_length=&#8221;0em&#8221; body_text_shadow_vertical_length=&#8221;0em&#8221; body_text_shadow_blur_strength=&#8221;0em&#8221; open=&#8221;off&#8221;]<\/p>\n<p>Afin de se conformer aux plus stricts standards de s\u00e9curit\u00e9 de l\u2019industrie informatique, nous vous invitons \u00e0 opter pour le certificat SSL.<\/p>\n<p>Ce certificat se traduit par le pr\u00e9fixe HTTPS dans votre adresse URL. Il atteste de l\u2019identit\u00e9 de votre entreprise aupr\u00e8s des internautes et s\u00e9curise leur navigation sur votre site web.<\/p>\n<p>Ce certificat est indispensable pour les sites transactionnels. Il est recommand\u00e9 pour tout type de site internet.<\/p>\n<p>Le certificat SSL est gracieusement offert \u00e0 tous nos clients ayant souscrit au service d\u2019h\u00e9bergement web.<\/p>\n<p>Contactez-nous d\u00e8s \u00e0 pr\u00e9sent en <span><a href=\"..\/contact\/\"><strong>cliquant ici<\/strong><\/a><\/span>!<\/p>\n<p>[\/et_pb_accordion_item][\/et_pb_accordion][\/et_pb_column][\/et_pb_row][et_pb_row make_fullwidth=&#8221;on&#8221; _builder_version=&#8221;3.0.105&#8243;][et_pb_column type=&#8221;4_4&#8243; _builder_version=&#8221;3.0.47&#8243; parallax=&#8221;off&#8221; parallax_method=&#8221;on&#8221;][et_pb_text _builder_version=&#8221;3.0.105&#8243; header_font=&#8221;||||||||&#8221;]<\/p>\n<h1 style=\"text-align: left;\"><strong><span style=\"color: #007096;\">Les types de serveurs disponibles<\/span><\/strong><\/h1>\n<p>[\/et_pb_text][et_pb_text _builder_version=&#8221;3.0.105&#8243; header_font=&#8221;||||||||&#8221;]Efaxo offre un service d\u2019h\u00e9bergement pour tous les types d\u2019entreprises, de la plus petite \u00e0 la plus grande.  Selon vos besoins, selon votre budget, vous avez le choix entre quatre types de serveurs\u00a0:<br \/>\n[\/et_pb_text][\/et_pb_column][\/et_pb_row][et_pb_row make_fullwidth=&#8221;on&#8221; use_custom_gutter=&#8221;on&#8221; gutter_width=&#8221;2&#8243; custom_padding=&#8221;0px||39px|&#8221; make_equal=&#8221;on&#8221; _builder_version=&#8221;3.0.105&#8243; module_alignment=&#8221;center&#8221;][et_pb_column type=&#8221;1_3&#8243; _builder_version=&#8221;3.0.47&#8243; parallax=&#8221;off&#8221; parallax_method=&#8221;on&#8221;][et_pb_image src=&#8221;https:\/\/efaxo.com\/wp-content\/uploads\/2018\/03\/Hebergement-web-fond.jpg&#8221; force_fullwidth=&#8221;on&#8221; _builder_version=&#8221;3.0.105&#8243; border_radii=&#8221;on|2px|2px|2px|2px&#8221; border_width_all=&#8221;2px&#8221; border_color_all=&#8221;#007096&#8243;][\/et_pb_image][\/et_pb_column][et_pb_column type=&#8221;2_3&#8243; _builder_version=&#8221;3.0.47&#8243; parallax=&#8221;off&#8221; parallax_method=&#8221;on&#8221;][et_pb_accordion _builder_version=&#8221;3.0.106&#8243; icon_color=&#8221;#276a7c&#8221; text_orientation=&#8221;left&#8221; body_font=&#8221;Open Sans||||||||&#8221; body_text_align=&#8221;left&#8221; body_font_size=&#8221;16px&#8221; toggle_font=&#8221;|700|||||||&#8221; closed_toggle_text_color=&#8221;#276a7c&#8221; toggle_level=&#8221;h3&#8243; toggle_font_size=&#8221;18px&#8221; border_color_bottom=&#8221;#276a7c&#8221; border_width_bottom=&#8221;2px&#8221;][et_pb_accordion_item title=&#8221;Serveurs physiques d\u00e9di\u00e9s&#8221; _builder_version=&#8221;3.0.106&#8243; title_text_shadow_horizontal_length=&#8221;0em&#8221; title_text_shadow_vertical_length=&#8221;0em&#8221; title_text_shadow_blur_strength=&#8221;0em&#8221; body_text_shadow_horizontal_length=&#8221;0em&#8221; body_text_shadow_vertical_length=&#8221;0em&#8221; body_text_shadow_blur_strength=&#8221;0em&#8221; open=&#8221;on&#8221;]<\/p>\n<ul>\n<li>Peuvent \u00eatre lou\u00e9s ou achet\u00e9s par le client<\/li>\n<li>Peuvent \u00eatre administr\u00e9s par Efaxo ou par le client<\/li>\n<li>Service de Firewall et de d\u00e9tection d\u2019intrusion disponible<\/li>\n<\/ul>\n<p>Toutes les ressources du serveur sont d\u00e9di\u00e9es \u00e0 un seul client<br \/> Contactez-nous d\u00e8s \u00e0 pr\u00e9sent en <a href=\"..\/contact\/\"><span style=\"text-decoration: underline;\"><strong>cliquant ici<\/strong><\/span><\/a>!<\/p>\n<p>[\/et_pb_accordion_item][et_pb_accordion_item title=&#8221;Serveurs virtuels d\u00e9di\u00e9s&#8221; _builder_version=&#8221;3.0.106&#8243; title_text_shadow_horizontal_length=&#8221;0em&#8221; title_text_shadow_vertical_length=&#8221;0em&#8221; title_text_shadow_blur_strength=&#8221;0em&#8221; body_text_shadow_horizontal_length=&#8221;0em&#8221; body_text_shadow_vertical_length=&#8221;0em&#8221; body_text_shadow_blur_strength=&#8221;0em&#8221; open=&#8221;off&#8221;]<\/p>\n<ul>\n<li>Peuvent \u00eatre administr\u00e9s par Efaxo ou par le client<\/li>\n<li>Service de Firewall et de d\u00e9tection d\u2019intrusion disponible<\/li>\n<li>Permet un grand niveau de flexibilit\u00e9 pour les besoins du client<\/li>\n<\/ul>\n<p>Contactez-nous d\u00e8s \u00e0 pr\u00e9sent en <a href=\"..\/contact\/\"><span><strong>cliquant ici<\/strong><\/span><\/a>!<\/p>\n<p>[\/et_pb_accordion_item][et_pb_accordion_item title=&#8221;Serveurs virtuels partag\u00e9s&#8221; _builder_version=&#8221;3.0.106&#8243; title_text_shadow_horizontal_length=&#8221;0em&#8221; title_text_shadow_vertical_length=&#8221;0em&#8221; title_text_shadow_blur_strength=&#8221;0em&#8221; body_text_shadow_horizontal_length=&#8221;0em&#8221; body_text_shadow_vertical_length=&#8221;0em&#8221; body_text_shadow_blur_strength=&#8221;0em&#8221; open=&#8221;off&#8221;]<\/p>\n<ul>\n<li>Peuvent \u00eatre administr\u00e9s par Efaxo ou par le client<\/li>\n<li>Le client administre son contenu et les services disponibles dans son serveur<\/li>\n<\/ul>\n<p>Contactez-nous d\u00e8s \u00e0 pr\u00e9sent en <a href=\"..\/contact\/\"><span><strong>cliquant ici<\/strong><\/span><\/a>!<\/p>\n<p>[\/et_pb_accordion_item][et_pb_accordion_item title=&#8221;H\u00e9bergement en colocation&#8221; open=&#8221;off&#8221; _builder_version=&#8221;3.0.106&#8243; title_text_shadow_horizontal_length=&#8221;0em&#8221; title_text_shadow_vertical_length=&#8221;0em&#8221; title_text_shadow_blur_strength=&#8221;0em&#8221; body_text_shadow_horizontal_length=&#8221;0em&#8221; body_text_shadow_vertical_length=&#8221;0em&#8221; body_text_shadow_blur_strength=&#8221;0em&#8221;]<\/p>\n<ul>\n<li>Le moins dispendieux<\/li>\n<li>Le client administre son contenu et les services auxquels il a souscrit<\/li>\n<li>Tout en demeurant tr\u00e8s cloisonn\u00e9es, les ressources (CPU,m\u00e9moire,Stockage) sont partag\u00e9es par les diff\u00e9rents locataires.<\/li>\n<\/ul>\n<p>Contactez-nous d\u00e8s \u00e0 pr\u00e9sent en <a href=\"..\/contact\/\"><span><strong>cliquant ici<\/strong><\/span><\/a>!<\/p>\n<p>[\/et_pb_accordion_item][\/et_pb_accordion][\/et_pb_column][\/et_pb_row][\/et_pb_section]<\/p>\n","protected":false},"excerpt":{"rendered":"<p>L\u2019h\u00e9bergement web est un service dont on parle peu et qui pourtant est fondamental au niveau de l\u2019activit\u00e9 num\u00e9rique de votre entreprise. Sans l\u2019h\u00e9bergement, votre site internet ne s\u2019affiche pas et vous n\u2019avez pas acc\u00e8s \u00e0 vos courriels. Un bon h\u00e9bergement se doit d\u2019\u00eatre irr\u00e9prochable, performant et s\u00e9curitaire. Efaxo vous propose ce qui se fait [&hellip;]<\/p>\n","protected":false},"author":1,"featured_media":0,"parent":0,"menu_order":0,"comment_status":"closed","ping_status":"closed","template":"","meta":{"_et_pb_use_builder":"on","_et_pb_old_content":"","_et_gb_content_width":""},"_links":{"self":[{"href":"https:\/\/efaxo.com\/index.php\/wp-json\/wp\/v2\/pages\/2896"}],"collection":[{"href":"https:\/\/efaxo.com\/index.php\/wp-json\/wp\/v2\/pages"}],"about":[{"href":"https:\/\/efaxo.com\/index.php\/wp-json\/wp\/v2\/types\/page"}],"author":[{"embeddable":true,"href":"https:\/\/efaxo.com\/index.php\/wp-json\/wp\/v2\/users\/1"}],"replies":[{"embeddable":true,"href":"https:\/\/efaxo.com\/index.php\/wp-json\/wp\/v2\/comments?post=2896"}],"version-history":[{"count":6,"href":"https:\/\/efaxo.com\/index.php\/wp-json\/wp\/v2\/pages\/2896\/revisions"}],"predecessor-version":[{"id":2924,"href":"https:\/\/efaxo.com\/index.php\/wp-json\/wp\/v2\/pages\/2896\/revisions\/2924"}],"wp:attachment":[{"href":"https:\/\/efaxo.com\/index.php\/wp-json\/wp\/v2\/media?parent=2896"}],"curies":[{"name":"wp","href":"https:\/\/api.w.org\/{rel}","templated":true}]}}