{"id":42,"date":"2018-02-19T04:54:18","date_gmt":"2018-02-19T03:54:18","guid":{"rendered":"https:\/\/efaxo.com\/?page_id=42"},"modified":"2018-09-08T23:49:51","modified_gmt":"2018-09-08T21:49:51","slug":"accueil","status":"publish","type":"page","link":"https:\/\/efaxo.com\/","title":{"rendered":"Accueil"},"content":{"rendered":"<p>[et_pb_section fb_built=&#8221;1&#8243; fullwidth=&#8221;on&#8221; _builder_version=&#8221;3.0.47&#8243; custom_padding=&#8221;0px|1px|0px|0px&#8221;][et_pb_fullwidth_slider _builder_version=&#8221;3.9&#8243; header_font=&#8221;||||||||&#8221; body_font=&#8221;||||||||&#8221; background_image=&#8221;https:\/\/efaxo.com\/wp-content\/uploads\/2018\/03\/d\u00e9veloppement1.jpg&#8221; auto=&#8221;on&#8221;][et_pb_slide button_link=&#8221;https:\/\/efaxo.com\/index.php\/contact\/&#8221; use_bg_overlay=&#8221;off&#8221; use_text_overlay=&#8221;off&#8221; _builder_version=&#8221;3.9&#8243; header_level=&#8221;h1&#8243; header_font=&#8221;||||||||&#8221; header_letter_spacing=&#8221;3px&#8221; background_color=&#8221;#ffffff&#8221; background_image=&#8221;https:\/\/efaxo.com\/wp-content\/uploads\/2018\/03\/SolutionsWeb2-e1522530455608.jpg&#8221; custom_button=&#8221;on&#8221; button_text_size=&#8221;15px&#8221; button_bg_color=&#8221;#7a99a8&#8243; button_border_width=&#8221;2px&#8221; button_font=&#8221;||||||||&#8221; button_use_icon=&#8221;on&#8221; button_icon_placement=&#8221;left&#8221; button_alignment=&#8221;center&#8221;][\/et_pb_slide][et_pb_slide button_link=&#8221;https:\/\/efaxo.com\/index.php\/services\/&#8221; use_bg_overlay=&#8221;off&#8221; use_text_overlay=&#8221;off&#8221; _builder_version=&#8221;3.9&#8243; header_level=&#8221;h1&#8243; header_font=&#8221;||||||||&#8221; header_letter_spacing=&#8221;3px&#8221; background_color=&#8221;#ffffff&#8221; background_image=&#8221;https:\/\/efaxo.com\/wp-content\/uploads\/2018\/03\/d\u00e9veloppement1.jpg&#8221; custom_button=&#8221;on&#8221; button_text_size=&#8221;15px&#8221; button_bg_color=&#8221;#4b0293&#8243; button_border_width=&#8221;2px&#8221; button_font=&#8221;||||||||&#8221; button_icon_placement=&#8221;left&#8221; button_alignment=&#8221;center&#8221;][\/et_pb_slide][et_pb_slide button_link=&#8221;https:\/\/efaxo.com\/index.php\/services\/&#8221; use_bg_overlay=&#8221;off&#8221; use_text_overlay=&#8221;off&#8221; _builder_version=&#8221;3.2&#8243; header_level=&#8221;h1&#8243; header_font=&#8221;||||||||&#8221; header_letter_spacing=&#8221;3px&#8221; background_color=&#8221;#ffffff&#8221; background_image=&#8221;https:\/\/efaxo.com\/wp-content\/uploads\/2018\/03\/Architecture.jpg&#8221; custom_button=&#8221;on&#8221; button_text_size=&#8221;15px&#8221; button_bg_color=&#8221;#009db2&#8243; button_border_width=&#8221;2px&#8221; button_font=&#8221;||||||||&#8221; button_icon_placement=&#8221;left&#8221; button_alignment=&#8221;center&#8221;][\/et_pb_slide][et_pb_slide button_link=&#8221;https:\/\/efaxo.com\/index.php\/services\/&#8221; use_bg_overlay=&#8221;off&#8221; use_text_overlay=&#8221;off&#8221; _builder_version=&#8221;3.2&#8243; header_level=&#8221;h1&#8243; header_font=&#8221;||||||||&#8221; header_letter_spacing=&#8221;3px&#8221; background_color=&#8221;#ffffff&#8221; background_image=&#8221;https:\/\/efaxo.com\/wp-content\/uploads\/2018\/03\/Administration1.jpg&#8221; custom_button=&#8221;on&#8221; button_text_size=&#8221;15px&#8221; button_bg_color=&#8221;#b20539&#8243; button_border_width=&#8221;2px&#8221; button_font=&#8221;||||||||&#8221; button_icon_placement=&#8221;left&#8221; button_alignment=&#8221;center&#8221;][\/et_pb_slide][\/et_pb_fullwidth_slider][\/et_pb_section][et_pb_section fb_built=&#8221;1&#8243; _builder_version=&#8221;3.0.47&#8243; custom_padding=&#8221;29px|0px|0px|1px&#8221;][et_pb_row custom_padding=&#8221;0px|0px|16px|0px&#8221; _builder_version=&#8221;3.0.105&#8243;][et_pb_column type=&#8221;4_4&#8243; _builder_version=&#8221;3.0.105&#8243; parallax=&#8221;off&#8221; parallax_method=&#8221;on&#8221;][et_pb_image src=&#8221;https:\/\/efaxo.com\/wp-content\/uploads\/2018\/02\/Logo-eFaxo-CoolMetal-Excelerate.png&#8221; url=&#8221;https:\/\/efaxo.com\/index.php\/services\/&#8221; align=&#8221;center&#8221; _builder_version=&#8221;3.0.105&#8243; filter_opacity=&#8221;35%&#8221;][\/et_pb_image][et_pb_text _builder_version=&#8221;3.0.105&#8243; text_font=&#8221;|700|||||||&#8221; text_font_size=&#8221;42px&#8221; text_line_height=&#8221;1em&#8221; header_font=&#8221;||||||||&#8221; text_orientation=&#8221;center&#8221; custom_margin=&#8221;-90px|||&#8221; custom_padding=&#8221;|||&#8221;]<\/p>\n<p><span style=\"color: #000000;\">Nos services<\/span><\/p>\n<p>[\/et_pb_text][\/et_pb_column][\/et_pb_row][et_pb_row use_custom_gutter=&#8221;on&#8221; gutter_width=&#8221;2&#8243; custom_padding=&#8221;39px|0px|27px|0px&#8221; make_equal=&#8221;on&#8221; background_color_1=&#8221;rgba(122,153,168,0.09)&#8221; background_color_3=&#8221;rgba(122,153,168,0.1)&#8221; _builder_version=&#8221;3.0.105&#8243; border_radii=&#8221;||||&#8221; border_color_all=&#8221;rgba(39,106,124,0.39)&#8221; module_alignment=&#8221;center&#8221;][et_pb_column type=&#8221;1_4&#8243; _builder_version=&#8221;3.0.47&#8243; background_color=&#8221;rgba(122,153,168,0.09)&#8221; parallax=&#8221;off&#8221; parallax_method=&#8221;on&#8221;][et_pb_image src=&#8221;https:\/\/efaxo.com\/wp-content\/uploads\/2018\/03\/Icone.png&#8221; url=&#8221;https:\/\/efaxo.com\/index.php\/solutions-web\/?et_fb=1&#8243; _builder_version=&#8221;3.0.105&#8243; max_width=&#8221;70%&#8221; module_alignment=&#8221;center&#8221;][\/et_pb_image][et_pb_button _builder_version=&#8221;3.0.105&#8243;]<\/p>\n<h1><span style=\"font-family: 'Open Sans'; font-weight: normal; font-size: large;\">Nos Services<\/span><\/h1>\n<p>[\/et_pb_button][et_pb_button button_url=&#8221;https:\/\/efaxo.com\/index.php\/solutions-web\/?et_fb=1&#8243; button_text=&#8221;Nos solutions web&#8221; button_alignment=&#8221;center&#8221; _builder_version=&#8221;3.0.106&#8243; custom_button=&#8221;on&#8221; button_text_size=&#8221;24px&#8221; button_border_width=&#8221;0px&#8221; button_font=&#8221;||||||||&#8221; button_use_icon=&#8221;off&#8221; button_text_color_hover=&#8221;#ffffff&#8221; button_bg_color_hover=&#8221;#9393ad&#8221; button_text_shadow_style=&#8221;preset2&#8243;][\/et_pb_button][et_pb_blurb _builder_version=&#8221;3.0.105&#8243; header_font=&#8221;||||||||&#8221; header_text_align=&#8221;center&#8221; header_text_color=&#8221;#009db2&#8243; header_font_size=&#8221;24px&#8221; header_line_height=&#8221;3em&#8221;]<\/p>\n<p style=\"text-align: center;\">Conception, design, h\u00e9bergement, analyse de contenu<\/p>\n<p>[\/et_pb_blurb][\/et_pb_column][et_pb_column type=&#8221;1_4&#8243; _builder_version=&#8221;3.0.47&#8243; parallax=&#8221;off&#8221; parallax_method=&#8221;on&#8221;][et_pb_image src=&#8221;https:\/\/efaxo.com\/wp-content\/uploads\/2018\/03\/Icone-Prog.png&#8221; url=&#8221;https:\/\/efaxo.com\/index.php\/programmation-2\/&#8221; _builder_version=&#8221;3.0.105&#8243; max_width=&#8221;70%&#8221; module_alignment=&#8221;center&#8221;][\/et_pb_image][et_pb_button button_url=&#8221;https:\/\/efaxo.com\/index.php\/programmation-2\/&#8221; button_text=&#8221;Services de Programmation&#8221; button_alignment=&#8221;center&#8221; _builder_version=&#8221;3.0.105&#8243; custom_button=&#8221;on&#8221; button_text_size=&#8221;24px&#8221; button_border_width=&#8221;0px&#8221; button_font=&#8221;||||||||&#8221; button_use_icon=&#8221;off&#8221; button_text_shadow_style=&#8221;preset2&#8243;][\/et_pb_button][et_pb_blurb _builder_version=&#8221;3.0.105&#8243; header_font=&#8221;||||||||&#8221; header_text_align=&#8221;center&#8221; header_text_color=&#8221;#009db2&#8243; header_font_size=&#8221;24px&#8221; header_line_height=&#8221;1.5em&#8221;]<\/p>\n<p style=\"text-align: center;\">D\u00e9veloppement d\u2019applications web sp\u00e9cialis\u00e9es<\/p>\n<p>[\/et_pb_blurb][\/et_pb_column][et_pb_column type=&#8221;1_4&#8243; _builder_version=&#8221;3.0.47&#8243; background_color=&#8221;rgba(122,153,168,0.1)&#8221; parallax=&#8221;off&#8221; parallax_method=&#8221;on&#8221;][et_pb_image src=&#8221;https:\/\/efaxo.com\/wp-content\/uploads\/2018\/03\/Icone-Archi.png&#8221; url=&#8221;https:\/\/efaxo.com\/index.php\/architecture\/&#8221; _builder_version=&#8221;3.0.105&#8243; max_width=&#8221;70%&#8221; module_alignment=&#8221;center&#8221;][\/et_pb_image][et_pb_button button_url=&#8221;https:\/\/efaxo.com\/index.php\/architecture\/&#8221; button_text=&#8221;Architecture de r\u00e9seau&#8221; button_alignment=&#8221;center&#8221; _builder_version=&#8221;3.0.105&#8243; custom_button=&#8221;on&#8221; button_text_size=&#8221;24px&#8221; button_border_width=&#8221;0px&#8221; button_font=&#8221;||||||||&#8221; button_use_icon=&#8221;off&#8221; button_text_color_hover=&#8221;#ffffff&#8221; button_bg_color_hover=&#8221;#9393ad&#8221; button_text_shadow_style=&#8221;preset2&#8243;][\/et_pb_button][et_pb_blurb _builder_version=&#8221;3.0.105&#8243; header_font=&#8221;||||||||&#8221; header_text_align=&#8221;center&#8221; header_text_color=&#8221;#009db2&#8243; header_font_size=&#8221;24px&#8221; header_line_height=&#8221;1.4em&#8221;]<\/p>\n<p style=\"text-align: center;\">Analyse et conception<\/p>\n<p>[\/et_pb_blurb][\/et_pb_column][et_pb_column type=&#8221;1_4&#8243; _builder_version=&#8221;3.0.47&#8243; parallax=&#8221;off&#8221; parallax_method=&#8221;on&#8221;][et_pb_image src=&#8221;https:\/\/efaxo.com\/wp-content\/uploads\/2018\/03\/Icone-Admin.png&#8221; url=&#8221;https:\/\/efaxo.com\/index.php\/administration-telemetrie\/&#8221; _builder_version=&#8221;3.0.105&#8243; max_width=&#8221;70%&#8221; module_alignment=&#8221;center&#8221;][\/et_pb_image][et_pb_button button_url=&#8221;https:\/\/efaxo.com\/index.php\/administration-telemetrie\/&#8221; button_text=&#8221;Administration r\u00e9seau&#8221; button_alignment=&#8221;center&#8221; _builder_version=&#8221;3.0.105&#8243; custom_button=&#8221;on&#8221; button_text_size=&#8221;24px&#8221; button_border_width=&#8221;0px&#8221; button_font=&#8221;||||||||&#8221; button_use_icon=&#8221;off&#8221; button_text_shadow_style=&#8221;preset2&#8243;][\/et_pb_button][et_pb_blurb _builder_version=&#8221;3.0.105&#8243; header_font=&#8221;||||||||&#8221; header_text_align=&#8221;center&#8221; header_text_color=&#8221;#009db2&#8243; header_font_size=&#8221;24px&#8221; header_line_height=&#8221;1.4em&#8221;]<\/p>\n<p style=\"text-align: center;\">Surveillance r\u00e9seau, t\u00e9l\u00e9m\u00e9trie, administration de syst\u00e8mes<\/p>\n<p>[\/et_pb_blurb][\/et_pb_column][\/et_pb_row][\/et_pb_section][et_pb_section fb_built=&#8221;1&#8243; inner_shadow=&#8221;on&#8221; _builder_version=&#8221;3.0.105&#8243; custom_margin=&#8221;|0px||0px&#8221; custom_padding=&#8221;0px|0px|0px|0px&#8221;][et_pb_row make_fullwidth=&#8221;on&#8221; use_custom_gutter=&#8221;on&#8221; gutter_width=&#8221;1&#8243; custom_padding=&#8221;0px|0px|0px|0px&#8221; _builder_version=&#8221;3.0.105&#8243;][et_pb_column type=&#8221;4_4&#8243; _builder_version=&#8221;3.0.105&#8243; parallax=&#8221;off&#8221; parallax_method=&#8221;on&#8221;][et_pb_cta title=&#8221;Discutons de vos besoins&#8221; button_url=&#8221;https:\/\/efaxo.com\/index.php\/contact\/&#8221; button_text=&#8221;Contactez-nous&#8221; _builder_version=&#8221;3.0.105&#8243; header_level=&#8221;h1&#8243; header_font=&#8221;|300|||||||&#8221; header_text_align=&#8221;center&#8221; body_font=&#8221;||||||||&#8221; background_color=&#8221;#7a99a8&#8243; custom_button=&#8221;on&#8221; button_font=&#8221;||||||||&#8221; button_use_icon=&#8221;off&#8221; button_alignment=&#8221;center&#8221;]<\/p>\n<p>Vous offrir le meilleur service qui soit est notre priorit\u00e9.\u00a0 Efficacit\u00e9, accessibilit\u00e9, excellence et optimnisation de vos r\u00e9sultats sont les ma\u00eetres mots de notre entreprise. Nous mettons \u00e0 votre disposition un service d\u2019ing\u00e9nierie et de techniciens qualifi\u00e9s \u00e0 l\u2019\u00e9coute de vos besoins et pr\u00eats \u00e0 intervenir en tout temps.<\/p>\n<p>[\/et_pb_cta][\/et_pb_column][\/et_pb_row][\/et_pb_section]<\/p>\n","protected":false},"excerpt":{"rendered":"<p>Nos servicesNos ServicesConception, design, h\u00e9bergement, analyse de contenuD\u00e9veloppement d\u2019applications web sp\u00e9cialis\u00e9esAnalyse et conceptionSurveillance r\u00e9seau, t\u00e9l\u00e9m\u00e9trie, administration de syst\u00e8mesVous offrir le meilleur service qui soit est notre priorit\u00e9.\u00a0 Efficacit\u00e9, accessibilit\u00e9, excellence et optimnisation de vos r\u00e9sultats sont les ma\u00eetres mots de notre entreprise. Nous mettons \u00e0 votre disposition un service d\u2019ing\u00e9nierie et de techniciens qualifi\u00e9s \u00e0 [&hellip;]<\/p>\n","protected":false},"author":1,"featured_media":0,"parent":0,"menu_order":0,"comment_status":"closed","ping_status":"closed","template":"","meta":{"_et_pb_use_builder":"on","_et_pb_old_content":"","_et_gb_content_width":""},"_links":{"self":[{"href":"https:\/\/efaxo.com\/index.php\/wp-json\/wp\/v2\/pages\/42"}],"collection":[{"href":"https:\/\/efaxo.com\/index.php\/wp-json\/wp\/v2\/pages"}],"about":[{"href":"https:\/\/efaxo.com\/index.php\/wp-json\/wp\/v2\/types\/page"}],"author":[{"embeddable":true,"href":"https:\/\/efaxo.com\/index.php\/wp-json\/wp\/v2\/users\/1"}],"replies":[{"embeddable":true,"href":"https:\/\/efaxo.com\/index.php\/wp-json\/wp\/v2\/comments?post=42"}],"version-history":[{"count":99,"href":"https:\/\/efaxo.com\/index.php\/wp-json\/wp\/v2\/pages\/42\/revisions"}],"predecessor-version":[{"id":2964,"href":"https:\/\/efaxo.com\/index.php\/wp-json\/wp\/v2\/pages\/42\/revisions\/2964"}],"wp:attachment":[{"href":"https:\/\/efaxo.com\/index.php\/wp-json\/wp\/v2\/media?parent=42"}],"curies":[{"name":"wp","href":"https:\/\/api.w.org\/{rel}","templated":true}]}}