{"id":505,"date":"2018-03-07T21:45:12","date_gmt":"2018-03-07T20:45:12","guid":{"rendered":"https:\/\/efaxo.com\/?page_id=505"},"modified":"2018-03-12T01:31:43","modified_gmt":"2018-03-12T00:31:43","slug":"administration-telemetrie","status":"publish","type":"page","link":"https:\/\/efaxo.com\/index.php\/administration-telemetrie\/","title":{"rendered":"Administration \/ T\u00e9l\u00e9m\u00e9trie"},"content":{"rendered":"<p>[et_pb_section fb_built=&#8221;1&#8243; fullwidth=&#8221;on&#8221; _builder_version=&#8221;3.0.105&#8243; custom_padding=&#8221;0px|0px|2px|0px&#8221;][et_pb_fullwidth_image src=&#8221;https:\/\/efaxo.com\/wp-content\/uploads\/2018\/03\/Administration1-e1520813977654.jpg&#8221; _builder_version=&#8221;3.0.105&#8243;][\/et_pb_fullwidth_image][\/et_pb_section][et_pb_section fb_built=&#8221;1&#8243; _builder_version=&#8221;3.0.105&#8243; background_image=&#8221;https:\/\/efaxo.com\/wp-content\/uploads\/2018\/03\/Admin.jpg&#8221; background_size=&#8221;initial&#8221; background_position=&#8221;center_left&#8221; custom_padding=&#8221;154px|1px|90px|5px&#8221;][\/et_pb_section][et_pb_section fb_built=&#8221;1&#8243; _builder_version=&#8221;3.0.105&#8243; custom_padding=&#8221;0px|0px|3px|0px&#8221;][\/et_pb_section][et_pb_section fb_built=&#8221;1&#8243; inner_shadow=&#8221;on&#8221; _builder_version=&#8221;3.0.105&#8243; custom_margin=&#8221;-40px||0|&#8221; custom_padding=&#8221;0px|0px|2px|0px&#8221;][et_pb_row custom_padding=&#8221;0px|0px|26.9688px|0px&#8221; _builder_version=&#8221;3.0.105&#8243; saved_tabs=&#8221;all&#8221;][et_pb_column type=&#8221;4_4&#8243; _builder_version=&#8221;3.0.47&#8243; parallax=&#8221;off&#8221; parallax_method=&#8221;on&#8221;][et_pb_text _builder_version=&#8221;3.0.105&#8243; header_font=&#8221;||||||||&#8221; header_text_align=&#8221;center&#8221;]<\/p>\n<h1><span style=\"color: #007096;\"><strong>Administration d\u2019un r\u00e9seau d\u2019entreprise<\/strong><\/span><\/h1>\n<p>[\/et_pb_text][\/et_pb_column][\/et_pb_row][et_pb_row make_fullwidth=&#8221;on&#8221; custom_padding=&#8221;|0px||0px&#8221; custom_margin=&#8221;|||&#8221; make_equal=&#8221;on&#8221; background_color_1=&#8221;rgba(39,106,124,0.71)&#8221; bg_img_2=&#8221;https:\/\/efaxo.com\/wp-content\/uploads\/2018\/03\/caspar-rubin.jpg&#8221; _builder_version=&#8221;3.0.105&#8243; module_alignment=&#8221;center&#8221; saved_tabs=&#8221;all&#8221;][et_pb_column type=&#8221;2_3&#8243; _builder_version=&#8221;3.0.47&#8243; background_color=&#8221;rgba(39,106,124,0.71)&#8221; parallax=&#8221;off&#8221; parallax_method=&#8221;on&#8221;][et_pb_text _builder_version=&#8221;3.0.105&#8243; text_font=&#8221;||||||||&#8221; text_line_height=&#8221;2.2em&#8221; custom_padding=&#8221;10px|10px|10px|30px&#8221; inline_fonts=&#8221;Open Sans&#8221;]<\/p>\n<p><span style=\"font-size: medium;\"><strong><span style=\"font-family: 'Open Sans'; color: #ffffff;\">Nous faisons l\u2019administration des r\u00e9seaux d\u2019entreprises, tant au niveau de la r\u00e9seautique et des t\u00e9l\u00e9communications qu\u2019au niveau des serveurs et de l\u2019infrastructure de stockage.<\/span><\/strong><\/span><\/p>\n<p style=\"padding-left: 30px;\"><span style=\"font-family: 'Open Sans'; font-weight: normal; font-size: medium; color: #ffffff;\">En faisant appel \u00e0 nos services, vous confiez \u00e0 notre \u00e9quipe d\u2019experts la prise en charge des comptes et des diverses machines du r\u00e9seau informatique de votre entreprise tels que\u00a0:<\/span><\/p>\n<ul>\n<li style=\"padding-left: 30px;\"><span style=\"font-family: 'Open Sans'; font-weight: normal; font-size: medium; color: #ffffff;\">Les r\u00e9seaux virtuels<\/span><\/li>\n<li style=\"padding-left: 30px;\"><span style=\"font-family: 'Open Sans'; font-weight: normal; font-size: medium; color: #ffffff;\">Les routeurs<\/span><\/li>\n<li style=\"padding-left: 30px;\"><span style=\"font-family: 'Open Sans'; font-weight: normal; font-size: medium; color: #ffffff;\">La connectivit\u00e9<\/span><\/li>\n<li style=\"padding-left: 30px;\"><span style=\"font-family: 'Open Sans'; font-weight: normal; font-size: medium; color: #ffffff;\">Les serveurs<\/span><\/li>\n<li style=\"padding-left: 30px;\"><span style=\"font-family: 'Open Sans'; font-weight: normal; font-size: medium; color: #ffffff;\">Le stockage des donn\u00e9es, etc.<\/span><\/li>\n<\/ul>\n<p><span style=\"font-family: 'Open Sans'; font-weight: normal; font-size: medium; color: #ffffff;\">Pour administrer ad\u00e9quatement votre r\u00e9seau, il est indispensable d\u2019implanter un syst\u00e8me de surveillance (t\u00e9l\u00e9m\u00e9trie).<\/span><\/p>\n<p>[\/et_pb_text][\/et_pb_column][et_pb_column type=&#8221;1_3&#8243; _builder_version=&#8221;3.0.47&#8243; bg_img=&#8221;https:\/\/efaxo.com\/wp-content\/uploads\/2018\/03\/caspar-rubin.jpg&#8221; parallax=&#8221;off&#8221; parallax_method=&#8221;on&#8221;][\/et_pb_column][\/et_pb_row][\/et_pb_section][et_pb_section fb_built=&#8221;1&#8243; _builder_version=&#8221;3.0.105&#8243; background_size=&#8221;initial&#8221; background_position=&#8221;center_left&#8221; custom_padding=&#8221;4px|1px|18px|5px&#8221;][et_pb_row custom_padding=&#8221;0px|0px|3px|0px&#8221; _builder_version=&#8221;3.0.105&#8243;][et_pb_column type=&#8221;4_4&#8243; _builder_version=&#8221;3.0.105&#8243; parallax=&#8221;off&#8221; parallax_method=&#8221;on&#8221;][et_pb_text _builder_version=&#8221;3.0.105&#8243;]Nous sommes r\u00e9put\u00e9s pour notre savoir-faire mais surtout pour la qualit\u00e9 des applications web d\u00e9j\u00e0 r\u00e9alis\u00e9es. Nous vous assurons la satisfaction \u00e0 des prix comp\u00e9titifs ainsi qu\u2019une parfaite compr\u00e9hension de vos besoins dans votre processus d\u2019affaires et votre r\u00e9alit\u00e9 commerciale.<br \/>\nChoisissez l\u2019expertise d\u2019une agence web locale engag\u00e9e aupr\u00e8s des professionnels et entreprises qui place l\u2019innovation au c\u0153ur de ses op\u00e9rations.<br \/>\nContactez un de nos conseillers en conception d\u2019application web en cliquant ici![\/et_pb_text][\/et_pb_column][\/et_pb_row][\/et_pb_section][et_pb_section fb_built=&#8221;1&#8243; fullwidth=&#8221;on&#8221; _builder_version=&#8221;3.0.105&#8243;][et_pb_fullwidth_header text_orientation=&#8221;center&#8221; button_one_text=&#8221;Contactez-nous&#8221; button_one_url=&#8221;https:\/\/efaxo.com\/index.php\/contact\/&#8221; _builder_version=&#8221;3.0.105&#8243; background_image=&#8221;https:\/\/efaxo.com\/wp-content\/uploads\/2018\/02\/A.jpg&#8221; parallax=&#8221;on&#8221; custom_button_one=&#8221;on&#8221; button_one_text_size=&#8221;22px&#8221; button_one_text_color=&#8221;#ffffff&#8221; button_one_bg_color=&#8221;#7a99a8&#8243; button_one_font=&#8221;||||||||&#8221;][\/et_pb_fullwidth_header][\/et_pb_section][et_pb_section fb_built=&#8221;1&#8243; _builder_version=&#8221;3.0.105&#8243; background_image=&#8221;https:\/\/efaxo.com\/wp-content\/uploads\/2018\/03\/R\u00e9seau-Survey.jpg&#8221; background_size=&#8221;initial&#8221; background_position=&#8221;center_left&#8221; custom_padding=&#8221;86px|1px|126px|5px&#8221;][\/et_pb_section][et_pb_section fb_built=&#8221;1&#8243; inner_shadow=&#8221;on&#8221; _builder_version=&#8221;3.0.105&#8243; custom_margin=&#8221;0px||-40px|&#8221; custom_padding=&#8221;0px|0px|37px|0px&#8221;][et_pb_row make_fullwidth=&#8221;on&#8221; custom_padding=&#8221;27px|0px|27px|0px&#8221; _builder_version=&#8221;3.0.105&#8243;][et_pb_column type=&#8221;4_4&#8243; _builder_version=&#8221;3.0.47&#8243; parallax=&#8221;off&#8221; parallax_method=&#8221;on&#8221;][et_pb_text _builder_version=&#8221;3.0.105&#8243; header_font=&#8221;||||||||&#8221; header_text_align=&#8221;center&#8221;]<\/p>\n<h1><span style=\"color: #007096;\"><strong>Implantation de syst\u00e8mes de surveillance<\/strong><\/span><\/h1>\n<p>[\/et_pb_text][\/et_pb_column][\/et_pb_row][et_pb_row make_fullwidth=&#8221;on&#8221; background_color=&#8221;rgba(39,106,124,0.51)&#8221; _builder_version=&#8221;3.0.105&#8243;][et_pb_column type=&#8221;4_4&#8243; _builder_version=&#8221;3.0.47&#8243; parallax=&#8221;off&#8221; parallax_method=&#8221;on&#8221;][et_pb_text background_layout=&#8221;dark&#8221; _builder_version=&#8221;3.0.105&#8243; text_font=&#8221;Open Sans|700|||||||&#8221; text_font_size=&#8221;17px&#8221; custom_margin=&#8221;|30px||30px&#8221; custom_padding=&#8221;|||&#8221;]Forte de plusieurs ann\u00e9es en installation de syst\u00e8mes de surveillance et t\u00e9l\u00e9m\u00e9trie dans diff\u00e9rentes entreprises, notre \u00e9quipe est \u00e0 m\u00eame de vous proposer une solution abordable, efficace, personnalis\u00e9e et ax\u00e9e sur vos besoins.  Nous vous garantissons l\u2019installation et la configuration d\u2019un syst\u00e8me de surveillance optimal.<br \/>\n[\/et_pb_text][\/et_pb_column][\/et_pb_row][et_pb_row make_fullwidth=&#8221;on&#8221; _builder_version=&#8221;3.0.105&#8243; border_width_bottom=&#8221;2px&#8221; border_color_bottom=&#8221;rgba(51,51,51,0.3)&#8221; module_alignment=&#8221;center&#8221;][et_pb_column type=&#8221;1_3&#8243; _builder_version=&#8221;3.0.47&#8243; parallax=&#8221;off&#8221; parallax_method=&#8221;on&#8221;][et_pb_image src=&#8221;https:\/\/efaxo.com\/wp-content\/uploads\/2018\/03\/maik-jonietz-e1520811585721.jpg&#8221; align=&#8221;center&#8221; _builder_version=&#8221;3.0.105&#8243;][\/et_pb_image][\/et_pb_column][et_pb_column type=&#8221;2_3&#8243; _builder_version=&#8221;3.0.47&#8243; parallax=&#8221;off&#8221; parallax_method=&#8221;on&#8221;][et_pb_text _builder_version=&#8221;3.0.105&#8243; text_font=&#8221;Open Sans||||||||&#8221; text_font_size=&#8221;16px&#8221; text_line_height=&#8221;1.8em&#8221; header_font=&#8221;||||||||&#8221; header_text_align=&#8221;center&#8221; inline_fonts=&#8221;Open Sans&#8221;]<\/p>\n<p><strong>L\u2019implantation d\u2019un tel syst\u00e8me permet\u00a0la surveillance<\/strong><\/p>\n<ul>\n<li>Des \u00e9quipements connect\u00e9s (automates, commutateurs, UPS, \u2026)<\/li>\n<li>Des serveurs<\/li>\n<li>De l\u2019\u00e9tat des diff\u00e9rents services<\/li>\n<li>Des diff\u00e9rentes capacit\u00e9s (CPUs, stockages, liens r\u00e9seau)<\/li>\n<li>Des fichiers et des bases de donn\u00e9es, etc.<\/li>\n<li>Diff\u00e9rents capteurs connect\u00e9s (temp\u00e9rature, pression, tensions, etc.)<\/li>\n<\/ul>\n<p><strong>Une telle implantation permet de visualiser facilement l\u2019\u00e9tat des syst\u00e8mes en temps r\u00e9el et donc\u00a0: <\/strong><\/p>\n<ul>\n<li>Permet une synth\u00e8se de l\u2019\u00e9cosyst\u00e8me r\u00e9seau de l\u2019entreprise et de ses syst\u00e8mes d\u2019information<\/li>\n<li>Offre une visualisation facile et rapide de l\u2019\u00e9tat des syst\u00e8mes en temps r\u00e9el<\/li>\n<li>Facilite la d\u00e9tection des probl\u00e8mes de fa\u00e7on proactive<\/li>\n<li>Acc\u00e9l\u00e8re l\u2019identification de leur source<\/li>\n<li>Minimise les risques d\u2019indisponibilit\u00e9 de vos syst\u00e8mes d\u2019informations\u00a0<\/li>\n<\/ul>\n<p><span>Contactez un de nos conseillers en conception d\u2019application web en <a href=\"..\/contact\/\">cliquant ici<\/a>!<\/span><\/p>\n<p>[\/et_pb_text][\/et_pb_column][\/et_pb_row][\/et_pb_section]<\/p>\n","protected":false},"excerpt":{"rendered":"<p>Administration d\u2019un r\u00e9seau d\u2019entrepriseNous faisons l\u2019administration des r\u00e9seaux d\u2019entreprises, tant au niveau de la r\u00e9seautique et des t\u00e9l\u00e9communications qu\u2019au niveau des serveurs et de l\u2019infrastructure de stockage. En faisant appel \u00e0 nos services, vous confiez \u00e0 notre \u00e9quipe d\u2019experts la prise en charge des comptes et des diverses machines du r\u00e9seau informatique de votre entreprise [&hellip;]<\/p>\n","protected":false},"author":1,"featured_media":0,"parent":0,"menu_order":0,"comment_status":"closed","ping_status":"closed","template":"","meta":{"_et_pb_use_builder":"on","_et_pb_old_content":"","_et_gb_content_width":""},"_links":{"self":[{"href":"https:\/\/efaxo.com\/index.php\/wp-json\/wp\/v2\/pages\/505"}],"collection":[{"href":"https:\/\/efaxo.com\/index.php\/wp-json\/wp\/v2\/pages"}],"about":[{"href":"https:\/\/efaxo.com\/index.php\/wp-json\/wp\/v2\/types\/page"}],"author":[{"embeddable":true,"href":"https:\/\/efaxo.com\/index.php\/wp-json\/wp\/v2\/users\/1"}],"replies":[{"embeddable":true,"href":"https:\/\/efaxo.com\/index.php\/wp-json\/wp\/v2\/comments?post=505"}],"version-history":[{"count":11,"href":"https:\/\/efaxo.com\/index.php\/wp-json\/wp\/v2\/pages\/505\/revisions"}],"predecessor-version":[{"id":2736,"href":"https:\/\/efaxo.com\/index.php\/wp-json\/wp\/v2\/pages\/505\/revisions\/2736"}],"wp:attachment":[{"href":"https:\/\/efaxo.com\/index.php\/wp-json\/wp\/v2\/media?parent=505"}],"curies":[{"name":"wp","href":"https:\/\/api.w.org\/{rel}","templated":true}]}}